{"id":10,"date":"2008-05-20T11:35:24","date_gmt":"2008-05-20T09:35:24","guid":{"rendered":"http:\/\/www.zweitfrau.eu\/wordpress\/?page_id=10"},"modified":"2019-06-18T20:50:25","modified_gmt":"2019-06-18T18:50:25","slug":"heldenplatz","status":"publish","type":"page","link":"http:\/\/www.zweitfrau.eu\/wordpress\/video\/heldenplatz\/","title":{"rendered":"Heldenplatz"},"content":{"rendered":"<p>03.05.2008:<br \/>\nGig am Heldenplatz: u.a. Dicke Weiber und Roulette, Sex vor dem Spiel, &#8230;<\/p>\n<p><center>\t<video id=\"wp_mep_1\" src=\"http:\/\/www.zweitfrau.eu\/wordpress\/wp-content\/uploads\/2019\/06\/heldenplatz.mp4\"  width=\"320\" height=\"240\" poster=\"http:\/\/www.zweitfrau.eu\/wordpress\/wp-content\/uploads\/2019\/06\/heldenplatz.jpg\" controls=\"controls\" preload=\"none\"  >\r\n\t\t\r\n\t\t\r\n\t\t\r\n\t\t\r\n\t\t\r\n\t\t\r\n\t\t\r\n\t<\/video>\r\n<script type=\"text\/javascript\">\r\njQuery(document).ready(function($) {\r\n\t$('#wp_mep_1').mediaelementplayer({\r\n\t\tm:1\r\n\t\t\r\n\t\t,features: ['playpause','current','progress','duration','volume','tracks','fullscreen']\r\n\t\t\r\n\t});\r\n});\r\n<\/script>\r\n<\/center> <\/center><br \/>\n<span style=\"font-size:10pt;\">&copy;<\/span> Fanclub<\/p>\n<p>Vom Regen \u00fcberrascht wurde ZF am Sonntag beim Konzert am Heldenplatz. Aber weder die zahlreichen Zuschauer, noch die Band lie\u00dfen sich durch dieses Naturereignis die Stimmung nehmen. Es wurde gerockt, was das Zeug hielt &#8230; unter B\u00e4umen, in Zelten und das im prasselnden Regen. Hatschi!<\/p>\n<p>Das Equippement der Band hielt Stand. Sch\u00e4den wurden bisher nicht gemeldet.<\/p>\n","protected":false},"excerpt":{"rendered":"<p>03.05.2008: Gig am Heldenplatz: u.a. Dicke Weiber und Roulette, Sex vor dem Spiel, &#8230; &copy; Fanclub Vom Regen \u00fcberrascht wurde ZF am Sonntag beim Konzert am Heldenplatz. Aber weder die zahlreichen Zuschauer, noch die Band lie\u00dfen sich durch dieses Naturereignis die Stimmung nehmen. Es wurde gerockt, was das Zeug hielt &#8230; unter B\u00e4umen, in Zelten [&hellip;]<\/p>\n","protected":false},"author":1,"featured_media":0,"parent":3,"menu_order":3,"comment_status":"open","ping_status":"open","template":"","meta":{"ngg_post_thumbnail":0,"footnotes":""},"class_list":["post-10","page","type-page","status-publish","hentry"],"_links":{"self":[{"href":"http:\/\/www.zweitfrau.eu\/wordpress\/wp-json\/wp\/v2\/pages\/10","targetHints":{"allow":["GET"]}}],"collection":[{"href":"http:\/\/www.zweitfrau.eu\/wordpress\/wp-json\/wp\/v2\/pages"}],"about":[{"href":"http:\/\/www.zweitfrau.eu\/wordpress\/wp-json\/wp\/v2\/types\/page"}],"author":[{"embeddable":true,"href":"http:\/\/www.zweitfrau.eu\/wordpress\/wp-json\/wp\/v2\/users\/1"}],"replies":[{"embeddable":true,"href":"http:\/\/www.zweitfrau.eu\/wordpress\/wp-json\/wp\/v2\/comments?post=10"}],"version-history":[{"count":0,"href":"http:\/\/www.zweitfrau.eu\/wordpress\/wp-json\/wp\/v2\/pages\/10\/revisions"}],"up":[{"embeddable":true,"href":"http:\/\/www.zweitfrau.eu\/wordpress\/wp-json\/wp\/v2\/pages\/3"}],"wp:attachment":[{"href":"http:\/\/www.zweitfrau.eu\/wordpress\/wp-json\/wp\/v2\/media?parent=10"}],"curies":[{"name":"wp","href":"https:\/\/api.w.org\/{rel}","templated":true}]}}