{"id":179,"date":"2008-08-17T11:23:38","date_gmt":"2008-08-17T09:23:38","guid":{"rendered":"http:\/\/www.zweitfrau.eu\/wordpress\/?page_id=179"},"modified":"2018-01-26T21:09:52","modified_gmt":"2018-01-26T19:09:52","slug":"donaubuhne-tulln-2008","status":"publish","type":"page","link":"http:\/\/www.zweitfrau.eu\/wordpress\/foto-galerie\/donaubuhne-tulln-2008\/","title":{"rendered":"Donaub\u00fchne Tulln 2008"},"content":{"rendered":"<p>Es war wohl der k\u00e4lteste Sommertag des Sommers 2008. Trotzdem kamen zahlreiche Fans nach Tulln, um Zweitfrau auf dieser herrlich gelegenen Donaub\u00fchne zu erleben. Tolles Ambiente, romantische Stimmung bei hei\u00dfen Getr\u00e4nken, sowie die anheizende Vorband Tyler machten diesen Abend zu einem tollen Ereignis. Der ausgezeichnete Veranstalter konnte zufrieden sein, die K\u00fcnstler dankten ihm sowieso f\u00fcr sein Engagement.<br \/>\nDie treuesten Fans warteten stundenlang auf ihre Zweitfrauen und feuerten diese zu H\u00f6chstleistungen. Die Band gab alles und die kalten H\u00e4nde erk\u00e4mpften noch die &#8222;Zugabe&#8220;. <\/p>\n<p><center>ngg_shortcode_0_placeholder<\/center><br \/>\n<span style=\"font-size:9pt;\">&copy; by Fanclub<\/span><\/p>\n","protected":false},"excerpt":{"rendered":"<p>Es war wohl der k\u00e4lteste Sommertag des Sommers 2008. Trotzdem kamen zahlreiche Fans nach Tulln, um Zweitfrau auf dieser herrlich gelegenen Donaub\u00fchne zu erleben. Tolles Ambiente, romantische Stimmung bei hei\u00dfen Getr\u00e4nken, sowie die anheizende Vorband Tyler machten diesen Abend zu einem tollen Ereignis. Der ausgezeichnete Veranstalter konnte zufrieden sein, die K\u00fcnstler dankten ihm sowieso f\u00fcr [&hellip;]<\/p>\n","protected":false},"author":2,"featured_media":0,"parent":4,"menu_order":0,"comment_status":"open","ping_status":"open","template":"","meta":{"ngg_post_thumbnail":0,"footnotes":""},"class_list":["post-179","page","type-page","status-publish","hentry"],"_links":{"self":[{"href":"http:\/\/www.zweitfrau.eu\/wordpress\/wp-json\/wp\/v2\/pages\/179","targetHints":{"allow":["GET"]}}],"collection":[{"href":"http:\/\/www.zweitfrau.eu\/wordpress\/wp-json\/wp\/v2\/pages"}],"about":[{"href":"http:\/\/www.zweitfrau.eu\/wordpress\/wp-json\/wp\/v2\/types\/page"}],"author":[{"embeddable":true,"href":"http:\/\/www.zweitfrau.eu\/wordpress\/wp-json\/wp\/v2\/users\/2"}],"replies":[{"embeddable":true,"href":"http:\/\/www.zweitfrau.eu\/wordpress\/wp-json\/wp\/v2\/comments?post=179"}],"version-history":[{"count":0,"href":"http:\/\/www.zweitfrau.eu\/wordpress\/wp-json\/wp\/v2\/pages\/179\/revisions"}],"up":[{"embeddable":true,"href":"http:\/\/www.zweitfrau.eu\/wordpress\/wp-json\/wp\/v2\/pages\/4"}],"wp:attachment":[{"href":"http:\/\/www.zweitfrau.eu\/wordpress\/wp-json\/wp\/v2\/media?parent=179"}],"curies":[{"name":"wp","href":"https:\/\/api.w.org\/{rel}","templated":true}]}}