{"id":2,"date":"2008-05-17T14:52:14","date_gmt":"2008-05-17T12:52:14","guid":{"rendered":"http:\/\/www.zweitfrau.eu\/wordpress\/?page_id=2"},"modified":"2025-05-21T21:32:11","modified_gmt":"2025-05-21T19:32:11","slug":"impressum","status":"publish","type":"page","link":"http:\/\/www.zweitfrau.eu\/wordpress\/impressum\/","title":{"rendered":"IMPRESSUM &#038; Datenschutz"},"content":{"rendered":"<p><strong>Impressum:<\/strong><br \/>\nDies ist eine WordPress-Seite, die von Freunden der Zweitfrau, Wien angelegt wurde.<br \/>\nF\u00fcr diese Website verantwortlicher Herausgeber: Fanclub Zweitfrau, 1180 Wien, Thimiggasse 70, Austria<br \/>\nWebmaster: <font color=\"#869AA0\">lueger[at]aon[Punkt]at<\/font><br \/>\n&nbsp;<br \/>\n<strong>Google Fonts:<\/strong><br \/>\nAuf unserer Webseite werden Google Fonts verwendet, es findet aber keine wie immer geartete Verarbeitung statt und es werden daher auch keine wie auch immer gearteten Daten an Google LLc oder sonstige Empf\u00e4nger in die USA oder andere L\u00e4nder weitergegben.<br \/>\nWenn Du trotzdem glaubst, dass wir Verarbeitung der Daten vornehmen und gegen das Datenschutzrecht versto\u00dfen oder die datenschutzrechtlichen Anspr\u00fcche sonst in einer Weise verletzt werden oder worden sind, kannst Du Dich bei der daf\u00fcr zust\u00e4ndigen Datenschutzbeh\u00f6rde beschweren.<br \/>\n&nbsp;<br \/>\n<b>Datenschutzerkl\u00e4rung<\/b><br \/>\n<b>Datenschutz<\/b><\/p>\n<h3>Erkl\u00e4rung zur Informationspflicht<\/h3>\n<p><\/p>\n<p align=\"center\"><strong>Datenschutzerkl\u00e4rung<\/strong><\/p>\n<p>In folgender Datenschutzerkl\u00e4rung informieren wir Sie \u00fcber die wichtigsten Aspekte der Datenverarbeitung im Rahmen unserer Webseite. Wir erheben und verarbeiten personenbezogene Daten nur auf Grundlage der gesetzlichen Bestimmungen (Datenschutzgrundverordnung, Telekommunikationsgesetz 2003).<\/p>\n<p>Sobald Sie als Benutzer auf unsere Webseite zugreifen oder diese besuchen wird Ihre IP-Adresse, Beginn sowie Beginn und Ende der Sitzung erfasst. Dies ist technisch bedingt und stellt somit ein berechtigtes Interesse iSv Art 6 Abs 1 lit f DSGVO.<\/p>\n<p align=\"center\"><strong>Kontakt mit uns<\/strong><\/p>\n<p>Wenn Sie uns, entweder \u00fcber unser Kontaktformular auf unserer Webseite, oder per Email kontaktieren, dann werden die von Ihnen an uns \u00fcbermittelten Daten zwecks Bearbeitung Ihrer Anfrage oder f\u00fcr den Fall von weiteren Anschlussfragen f\u00fcr sechs Monate bei uns gespeichert. Es erfolgt, ohne Ihre Einwilligung, keine Weitergabe Ihrer \u00fcbermittelten Daten.<\/p>\n<p align=\"center\"><strong>Cookies<\/strong><\/p>\n<p>Unsere Website verwendet so genannte Cookies. Dabei handelt es sich um kleine Textdateien, die mit Hilfe des Browsers auf Ihrem Endger\u00e4t abgelegt werden. Sie richten keinen Schaden an. Wir nutzen Cookies dazu, unser Angebot nutzerfreundlich zu gestalten. Einige Cookies bleiben auf Ihrem Endger\u00e4t gespeichert, bis Sie diese l\u00f6schen. Sie erm\u00f6glichen es uns, Ihren Browser beim n\u00e4chsten Besuch wiederzuerkennen. Wenn Sie dies nicht w\u00fcnschen, so k\u00f6nnen Sie Ihren Browser so einrichten, dass er Sie \u00fcber das Setzen von Cookies informiert und Sie dies nur im Einzelfall erlauben. Bei der Deaktivierung von Cookies kann die Funktionalit\u00e4t unserer Website eingeschr\u00e4nkt sein.<\/p>\n<p align=\"center\"><strong>Google Fonts<\/strong><\/p>\n<p>Unsere Website verwendet Schriftarten von \u201eGoogle Fonts\u201c. Der Dienstanbieter dieser Funktion ist:<\/p>\n<ul>\n<li>Google Ireland Limited Gordon House, Barrow Street Dublin 4. Ireland<\/li>\n<\/ul>\n<p>Tel: +353 1 543 1000<\/p>\n<p>Beim Aufrufen dieser Webseite l\u00e4dt Ihr Browser Schriftarten und speichert diese in den Cache. Da Sie, als Besucher der Webseite, Daten des Dienstanbieters empfangen kann Google unter Umst\u00e4nden Cookies auf Ihrem Rechner setzen oder analysieren.<\/p>\n<p>Die Nutzung von \u201eGoogle-Fonts\u201c dient der Optimierung unserer Dienstleistung und der einheitlichen Darstellung von Inhalten. Dies stellt ein berechtigtes Interesse im Sinne von Art. 6 Abs. 1 lit. f DSGVO dar.<\/p>\n<p> Weitere Informationen zu Google Fonts erhalten Sie unter folgendem Link:<\/p>\n<ul>\n<li><a href=\"https:\/\/developers.google.com\/fonts\/faq\">      https:\/\/developers.google.com\/fonts\/faq <\/a><\/li>\n<\/ul>\n<p> Weitere Informationen \u00fcber den Umgang mit Nutzerdaten von Google k\u00f6nnen Sie der Datenschutzerkl\u00e4rung entnehmen:<\/p>\n<ul>\n<li><a href=\"https:\/\/policies.google.com\/privacy?hl=de\">      https:\/\/policies.google.com\/privacy?hl=de<\/a>.<\/li>\n<\/ul>\n<p>Google verarbeitet die Daten auch in den USA, hat sich jedoch dem<br \/>EU-US Privacy-Shield unterworfen.<\/p>\n<p><a href=\"https:\/\/www.privacyshield.gov\/EU-US-Framework\">      https:\/\/www.privacyshield.gov\/EU-US-Framework<\/a><\/p>\n<p align=\"center\"><strong>Ihre Rechte als Betroffener<\/strong><\/p>\n<p>Sie als Betroffener haben bez\u00fcglich Ihrer Daten, welche bei uns gespeichert sind grunds\u00e4tzlich ein Recht auf:<\/p>\n<ul>\n<li>Auskunft<\/li>\n<li>L\u00f6schung der Daten<\/li>\n<li>Berichtigung der Daten<\/li>\n<li>\u00dcbertragbarkeit der Daten<\/li>\n<li>Wiederruf und Widerspruch zur Datenverarbeitung<\/li>\n<li>Einschr\u00e4nkung<\/li>\n<\/ul>\n<p>Wenn sie vermuten, dass im Zuge der Verarbeitung Ihrer Daten Verst\u00f6\u00dfe gegen das Datenschutzrecht passiert sind, so haben Sie die M\u00f6glichkeit sich bei uns (lueger@aon.at) oder der Datenschutzbeh\u00f6rde zu beschweren.<\/p>\n<p align=\"center\"><strong>Sie erreichen uns unter folgenden Kontaktdaten:<\/strong><\/p>\n<p><\/p>\n<p><b>Webseitenbetreiber:<\/b> Franz Peter Lueger<br \/> <b>Telefonnummer:<\/b> 06645704957<br \/> <b>Email:<\/b> lueger@aon.at<\/p>\n<p>Quelle: <b><a href=\"https:\/\/www.fairesrecht.at\/kostenlos-datenschutzerklaerung-erstellen-generator.php\">Datenschutzgenerator \u00d6sterreich DSGVO<\/a><\/b><\/p>\n<p><!-- \n\n<blockquote>\nWir haben diese Datenschutzerkl\u00e4rung (Fassung 12.06.2018-211063731) verfasst, um Ihnen gem\u00e4\u00df der Vorgaben der Datenschutz-Grundverordnung (EU) 2016\/679 und dem Datenschutzgesetz (DSG) zu erkl\u00e4ren, welche Informationen wir sammeln, wie wir Daten verwenden und welche Entscheidungsm\u00f6glichkeiten Sie als Besucher dieser Webseite haben.\n\nLeider liegt es in der Natur der Sache, dass diese Erkl\u00e4rungen sehr technisch klingen, wir haben uns bei der Erstellung jedoch bem\u00fcht die wichtigsten Dinge so einfach und klar zu beschreiben.\nAutomatische Datenspeicherung\n\nWenn Sie heutzutage Webseiten besuchen, werden gewisse Informationen automatisch erstellt und gespeichert, so auch auf dieser Webseite.\n\nWenn Sie unsere Webseite so wie jetzt gerade besuchen, speichert unser Webserver (Computer auf dem diese Webseite gespeichert ist) automatisch Daten wie\n\n    die Adresse (URL) der aufgerufenen Webseite\n    Browser und Browserversion\n    das verwendete Betriebssystem\n    die Adresse (URL) der zuvor besuchten Seite (Referrer URL)\n    den Hostname und die IP-Adresse des Ger\u00e4ts von welchem aus zugegriffen wird\n    Datum und Uhrzeit\n\nin Dateien (Webserver-Logfiles).\n\nIn der Regel werden Webserver-Logfiles zwei Wochen gespeichert und danach automatisch gel\u00f6scht. Wir geben diese Daten nicht weiter, k\u00f6nnen jedoch nicht ausschlie\u00dfen, dass diese Daten beim Vorliegen von rechtswidrigem Verhalten eingesehen werden.\nDie Rechtsgrundlage besteht nach Artikel 6  Absatz 1 f DSGVO (Rechtm\u00e4\u00dfigkeit der Verarbeitung) darin, dass berechtigtes Interesse daran besteht, den fehlerfreien Betrieb dieser Webseite durch das Erfassen von Webserver-Logfiles zu erm\u00f6glichen.\nSpeicherung pers\u00f6nlicher Daten\n\nPers\u00f6nliche Daten, die Sie uns auf dieser Website elektronisch \u00fcbermitteln, wie zum Beispiel Name, E-Mail-Adresse, Adresse oder andere pers\u00f6nlichen Angaben im Rahmen der \u00dcbermittlung eines Formulars oder Kommentaren im Blog, werden von uns gemeinsam mit dem Zeitpunkt und der IP-Adresse nur zum jeweils angegebenen Zweck verwendet, sicher verwahrt und nicht an Dritte weitergegeben.\n\nWir nutzen Ihre pers\u00f6nlichen Daten somit nur f\u00fcr die Kommunikation mit jenen Besuchern, die Kontakt ausdr\u00fccklich w\u00fcnschen und f\u00fcr die Abwicklung der auf dieser Webseite angebotenen Dienstleistungen und Produkte. Wir geben Ihre pers\u00f6nlichen Daten ohne Zustimmung nicht weiter, k\u00f6nnen jedoch nicht ausschlie\u00dfen, dass diese Daten beim Vorliegen von rechtswidrigem Verhalten eingesehen werden.\n\nWenn Sie uns pers\u00f6nliche Daten per E-Mail schicken \u2013 somit abseits dieser Webseite \u2013 k\u00f6nnen wir keine sichere \u00dcbertragung und den Schutz Ihrer Daten garantieren. Wir empfehlen Ihnen, vertrauliche Daten niemals unverschl\u00fcsselt per E-Mail zu \u00fcbermitteln.\n\nDie Rechtsgrundlage besteht nach Artikel 6  Absatz 1 a DSGVO (Rechtm\u00e4\u00dfigkeit der Verarbeitung) darin, dass Sie uns die Einwilligung zur Verarbeitung der von Ihnen eingegebenen Daten geben. Sie k\u00f6nnen diesen Einwilligung jederzeit widerrufen \u2013 eine formlose E-Mail reicht aus, Sie finden unsere Kontaktdaten im Impressum.\nRechte laut Datenschutzgrundverordnung\n\nIhnen stehen laut den Bestimmungen der DSGVO und des \u00f6sterreichischen Datenschutzgesetzes (DSG) grunds\u00e4tzlich die folgende Rechte zu:\n\n    Recht auf Berichtung (Artikel 16 DSGVO)\n    Recht auf L\u00f6schung (\u201eRecht auf Vergessenwerden\u201c) (Artikel 17 DSGVO)\n    Recht auf Einschr\u00e4nkung der Verarbeitung (Artikel 18 DSGVO)\n    Recht auf Benachrichtigung \u2013 Mitteilungspflicht im Zusammenhang mit der Berichtigung oder L\u00f6schung personenbezogener Daten oder der Einschr\u00e4nkung der Verarbeitung (Artikel 19 DSGVO)\n    Recht auf Daten\u00fcbertragbarkeit (Artikel 20 DSGVO)\n    Widerspruchsrecht (Artikel 21 DSGVO)\n    Recht, nicht einer ausschlie\u00dflich auf einer automatisierten Verarbeitung \u2014 einschlie\u00dflich Profiling \u2014 beruhenden Entscheidung unterworfen zu werden (Artikel 22 DSGVO)\n\nWenn Sie glauben, dass die Verarbeitung Ihrer Daten gegen das Datenschutzrecht verst\u00f6\u00dft oder Ihre datenschutzrechtlichen Anspr\u00fcche sonst in einer Weise verletzt worden sind, k\u00f6nnen Sie sich bei der Aufsichtsbeh\u00f6rde beschweren, welche in \u00d6sterreich die Datenschutzbeh\u00f6rde ist, deren Webseite Sie unter https:\/\/www.dsb.gv.at\/ finden.\n\nQuelle: \u201eDer Text f\u00fcr die Datenschutzerkl\u00e4rung wurde mit dem Datenschutz Generator von <a href=\"https:\/\/www.adsimple.at\/\" target=\"_blank\"><strong>www.adsimple.at<\/strong><\/a> und  <a href=\"https:\/\/www.firmenwebseiten.at\/\" target=\"_blank\"><strong>www.firmenwebseiten.at<\/strong><\/a> erstellt und wird von diesen Firmen kostenlos zur Verf\u00fcgung gestellt.\u201c<\/blockquote>\n\n --><\/p>\n","protected":false},"excerpt":{"rendered":"<p>Impressum: Dies ist eine WordPress-Seite, die von Freunden der Zweitfrau, Wien angelegt wurde. F\u00fcr diese Website verantwortlicher Herausgeber: Fanclub Zweitfrau, 1180 Wien, Thimiggasse 70, Austria Webmaster: lueger[at]aon[Punkt]at &nbsp; Google Fonts: Auf unserer Webseite werden Google Fonts verwendet, es findet aber keine wie immer geartete Verarbeitung statt und es werden daher auch keine wie auch immer [&hellip;]<\/p>\n","protected":false},"author":1,"featured_media":0,"parent":0,"menu_order":8,"comment_status":"closed","ping_status":"closed","template":"","meta":{"ngg_post_thumbnail":0,"footnotes":""},"class_list":["post-2","page","type-page","status-publish","hentry"],"_links":{"self":[{"href":"http:\/\/www.zweitfrau.eu\/wordpress\/wp-json\/wp\/v2\/pages\/2","targetHints":{"allow":["GET"]}}],"collection":[{"href":"http:\/\/www.zweitfrau.eu\/wordpress\/wp-json\/wp\/v2\/pages"}],"about":[{"href":"http:\/\/www.zweitfrau.eu\/wordpress\/wp-json\/wp\/v2\/types\/page"}],"author":[{"embeddable":true,"href":"http:\/\/www.zweitfrau.eu\/wordpress\/wp-json\/wp\/v2\/users\/1"}],"replies":[{"embeddable":true,"href":"http:\/\/www.zweitfrau.eu\/wordpress\/wp-json\/wp\/v2\/comments?post=2"}],"version-history":[{"count":0,"href":"http:\/\/www.zweitfrau.eu\/wordpress\/wp-json\/wp\/v2\/pages\/2\/revisions"}],"wp:attachment":[{"href":"http:\/\/www.zweitfrau.eu\/wordpress\/wp-json\/wp\/v2\/media?parent=2"}],"curies":[{"name":"wp","href":"https:\/\/api.w.org\/{rel}","templated":true}]}}