{"id":242,"date":"2008-10-30T00:43:56","date_gmt":"2008-10-29T22:43:56","guid":{"rendered":"http:\/\/www.zweitfrau.eu\/wordpress\/?page_id=242"},"modified":"2019-06-18T14:37:41","modified_gmt":"2019-06-18T12:37:41","slug":"james-blunt-in-wien","status":"publish","type":"page","link":"http:\/\/www.zweitfrau.eu\/wordpress\/video\/james-blunt-in-wien\/","title":{"rendered":"James Blunt in Wien"},"content":{"rendered":"<p><span style=\"line-height: 12pt;\"><strong>Video: Puls4 in VIP LOUNGE am 29.10.2008:<br \/>\nJames Blunt in der Wiener Stadthalle<\/strong><\/span><br \/>\n&nbsp;<br \/>\n<center>\t<video id=\"wp_mep_1\" src=\"http:\/\/www.zweitfrau.eu\/wordpress\/wp-content\/uploads\/2019\/06\/jamesblunt_wien.mp4\"  width=\"352\" height=\"288\" poster=\"http:\/\/www.zweitfrau.eu\/wordpress\/wp-content\/uploads\/2019\/06\/jamesblunt_wien.jpg\" controls=\"controls\" preload=\"none\"  >\r\n\t\t\r\n\t\t\r\n\t\t\r\n\t\t\r\n\t\t\r\n\t\t\r\n\t\t\r\n\t<\/video>\r\n<script type=\"text\/javascript\">\r\njQuery(document).ready(function($) {\r\n\t$('#wp_mep_1').mediaelementplayer({\r\n\t\tm:1\r\n\t\t\r\n\t\t,features: ['playpause','current','progress','duration','volume','tracks','fullscreen']\r\n\t\t\r\n\t});\r\n});\r\n<\/script>\r\n<\/center> <\/center><br \/>\n<span style=\"font-size:10pt;\">&copy;<\/span> by Puls 4<br \/>\n&nbsp;<br \/>\n<span style=\"line-height: 12pt;\">James Blunt gastierte in der Wiener Stadthalle vor 10.000 begeisterten Fans.<br \/>\nDiana war nat\u00fcrlich dabei und hatte schon am Nachmittag beim Soundcheck ein Date mit ihm. James machte sogar so viel Zeit frei, dass Diana ihm ihr geniales Video <strong>Intensiv<\/strong> am Laptop vorf\u00fchren konnte. Auch bei der Aftershow-Party gab es dann noch gute Gelegenheit \u00fcber alte Zeiten in Los Angeles zu plaudern. Diana erz\u00e4hlte, dass er immer noch der arbeitender Musiker sei, der mit dem Tourbus reise und keinerlei Starall\u00fcren zeige.<br \/>\nEs war ein fulminantes Konzert (der Autor dieses Berichtes konnte sich pers\u00f6nlich ein Bild davon machen), das James Blunt bot und die Fans wurden nicht entt\u00e4uscht. Nicht nur als Schmuses\u00e4nger hat er die rund 10.000 Fans in Wien begeistert, sondern auch mit Songs mit mehr Tiefe wie im Song &#8222;I Really Want You&#8220;. Er gl\u00e4nzte aber vor allem mit eing\u00e4ngigen Midtempo-Nummern, etwa mit &#8222;Goodby My Lover&#8220;. Wohltuend, dass nicht raffinierte Technik im Vordergrund stand, sondern ausschlie\u00dflich das handwerkliche K\u00f6nnen \u00fcberzeugte, die Dynamik kam ausschlie\u00dflich aus der authentischen K\u00fcnstler-Person.<br \/>\nBlunt hat nach seiner Milit\u00e4rzeit 2005 sein Deb\u00fctalbum &#8222;Back To Bedlam&#8220; ver\u00f6ffentlicht, wo er seine Erlebnisse aus dem Kosovo, wo er stationiert war, verarbeitete. Im August vergangenen Jahres folgte sein zweites Album &#8222;All The Lost Souls&#8220;.<br \/>\nMit &#8222;Love,Love,Love&#8220;, der neuen Single, die am 7.11.2008 startet, gab er den Zuh\u00f6rern auch f\u00fcr ihre Tr\u00e4ume etwas mit nach Hause auf den Weg.<br \/>\nDie Musik des 34-j\u00e4hren Briten ging an diesem Abend tief unter die Haut. Vor allem die weiblichen Fans tobten und standing ovations gaben f\u00fcr &#8222;You&#8217;re Beautiful&#8220; und &#8222;High&#8220; eine pr\u00e4chtige Kulisse in der ausverkauften Stadthalle.<\/span><br \/>\n<span style=\"line-height: 12pt;\">Puls 4 hat in der VIP LOUNGE vom 29.10.2008 \u00fcber das Konzert berichtet und dabei auch Diana zu Wort kommen lassen. Der Fanclub m\u00f6chte Euch das nicht vorenthalten und als Zeitzeuge bewahren.<\/span><br \/>\n&nbsp;<br \/>\n<center><img decoding=\"async\" src=\"http:\/\/www.zweitfrau.eu\/wordpress\/wp-content\/uploads\/images\/blunt_wiener_stadthalle.jpg\" alt=\"Blunt in der Wiener Stadthalle\" \/><\/center><\/p>\n","protected":false},"excerpt":{"rendered":"<p>Video: Puls4 in VIP LOUNGE am 29.10.2008: James Blunt in der Wiener Stadthalle &nbsp; &copy; by Puls 4 &nbsp; James Blunt gastierte in der Wiener Stadthalle vor 10.000 begeisterten Fans. Diana war nat\u00fcrlich dabei und hatte schon am Nachmittag beim Soundcheck ein Date mit ihm. James machte sogar so viel Zeit frei, dass Diana ihm [&hellip;]<\/p>\n","protected":false},"author":13,"featured_media":0,"parent":3,"menu_order":0,"comment_status":"open","ping_status":"open","template":"","meta":{"ngg_post_thumbnail":0,"footnotes":""},"class_list":["post-242","page","type-page","status-publish","hentry"],"_links":{"self":[{"href":"http:\/\/www.zweitfrau.eu\/wordpress\/wp-json\/wp\/v2\/pages\/242","targetHints":{"allow":["GET"]}}],"collection":[{"href":"http:\/\/www.zweitfrau.eu\/wordpress\/wp-json\/wp\/v2\/pages"}],"about":[{"href":"http:\/\/www.zweitfrau.eu\/wordpress\/wp-json\/wp\/v2\/types\/page"}],"author":[{"embeddable":true,"href":"http:\/\/www.zweitfrau.eu\/wordpress\/wp-json\/wp\/v2\/users\/13"}],"replies":[{"embeddable":true,"href":"http:\/\/www.zweitfrau.eu\/wordpress\/wp-json\/wp\/v2\/comments?post=242"}],"version-history":[{"count":0,"href":"http:\/\/www.zweitfrau.eu\/wordpress\/wp-json\/wp\/v2\/pages\/242\/revisions"}],"up":[{"embeddable":true,"href":"http:\/\/www.zweitfrau.eu\/wordpress\/wp-json\/wp\/v2\/pages\/3"}],"wp:attachment":[{"href":"http:\/\/www.zweitfrau.eu\/wordpress\/wp-json\/wp\/v2\/media?parent=242"}],"curies":[{"name":"wp","href":"https:\/\/api.w.org\/{rel}","templated":true}]}}