{"id":39,"date":"2008-06-01T11:42:28","date_gmt":"2008-06-01T09:42:28","guid":{"rendered":"http:\/\/www.zweitfrau.eu\/wordpress\/?page_id=39"},"modified":"2021-03-03T17:52:48","modified_gmt":"2021-03-03T15:52:48","slug":"zum-shopping","status":"publish","type":"page","link":"http:\/\/www.zweitfrau.eu\/wordpress\/zum-shopping\/","title":{"rendered":"SHOPPING"},"content":{"rendered":"<p><span style=\"color:yellow; font-size:11pt; font-weight:bolder;\">Adobe hat den Flash Player eingestellt.<br \/>\nDie H\u00f6rproben funktionieren daher leider nicht mehr und Kauf\/Preis sowie Vertriebsoptionen sind nicht mehr aktuell.<\/span><br \/>\n&nbsp;<br \/>\nDu wirst Verst\u00e4ndnis daf\u00fcr haben, dass es auf dieser Plattform nicht m\u00f6glich ist, direkt Online einzukaufen. Der Aufwand und die Rechte &#8211; es ist einfach unm\u00f6glich.<br \/>\nDer Fanclub m\u00f6chte Dich aber auf einige Bezugsquellen (eventuell nicht mehr aktuell) aufmerksam machen. Du findest an den genannten Quellen auch das Album, Singles und EPs.<br \/>\nEinkaufen kannst Du auch ohne Creditcard bei <strong>iTunes<\/strong> mit einer <a href=\"http:\/\/www.zweitfrau.eu\/wordpress\/wp-content\/uploads\/iTunes_Karte.pdf\"><strong>iTunes-Wertkarte<\/strong><\/a>.<\/span><br \/>\nBeachte, dass die angegebenen Links vielleicht nicht mehr aktuell sind. Suche dann selbst\u00e4ndig in diversen Plattformen. Bei iTunes d\u00fcrftes Du aber immer f\u00fcndig werden. Danke!<br \/>\n&nbsp;<br \/>\n<center><strong>&#8211;0&#8211;0&#8211;0&#8211;<\/strong><\/center><br \/>\n<span style=\"line-height: 12pt;\"><strong><i><font color=\"#FFFF00\">Album &#8222;10&#8220;<\/font><\/i><\/strong>, ver\u00f6ffentlicht in \u00d6sterreich: 19.09.2013<\/span> als<br \/>\n<strong>CD, VINYL<\/strong> und <strong>DOWNLOAD<\/strong>.<br \/>\n<img loading=\"lazy\" decoding=\"async\" src=\"http:\/\/www.zweitfrau.eu\/wordpress\/wp-content\/uploads\/zf_cover_10_thumb_250px.jpg\" alt=\"\" title=\"zf_cover_10_thumb_250px\" width=\"150\" height=\"150\" style=\"float:left; margin-right:20px;  margin-bottom:10px;\" class=\"alignnone size-full wp-image-1107\" \/>1. Perfekt (Oh Oh) [3:44]<br \/>\n2. Wir feiern die Musik [3:16]<br \/>\n3. Dude I Rock [2:27]<br \/>\n4. Ein Funkeln [4:39]<br \/>\n5. Immer weiter (Tick Tack) [3:48]<br \/>\n6. Hinaus [3:03]<br \/>\n7. Eigener King [3:01]<br \/>\n8. Es ist Zeit [4:02]<br \/>\n9. Shiva [3:15]<br \/>\n10.Love Baby, Love! (Album Edit [4:11]<br clear=all><br \/>\nPreis: Album komplett (\u20ac 9,95) oder Einzeltrack (\u20ac 1,29)<br \/>\nProbeh\u00f6ren und kaufen kannst Du bei <strong><strong>iTunes<\/strong><\/strong> oder <strong>Musicload<\/strong>.<br \/>\n&nbsp;<\/p>\n<p><span style=\"line-height: 12pt;\"><strong><i><font color=\"#FFFF00\">Album ZFRMX- GOD.DAMN.SEXY.<\/font><\/i><\/strong>, ver\u00f6ffentlicht in \u00d6sterreich: 15.06.2012<\/span> als <strong>DOWNLOAD<\/strong><br \/>\n<a href=\"http:\/\/www.zweitfrau.eu\/wordpress\/wp-content\/uploads\/god.damn_.sexy_tbn.jpg\"><img loading=\"lazy\" decoding=\"async\" src=\"http:\/\/www.zweitfrau.eu\/wordpress\/wp-content\/uploads\/god.damn_.sexy_tbn.jpg\" alt=\"\" title=\"god.damn.sexy_tbn\" width=\"150\" height=\"150\" style=\"float:left; margin-right:20px;  margin-bottom:10px;\" class=\"alignnone size-full wp-image-1022\" \/><\/a>1. ZFRMX &#8211; Love Baby (Listen To Lex Mix) [4:55]<br \/>\n2. ZFRMX &#8211; God Damn Sexy [4:51]<br \/>\n3. ZFRMX &#8211; Sole E Mare [4:16]<br \/>\n4. ZFRMX &#8211; The Walk [6:6]<br \/>\n5. ZFRMX &#8211; Girls In High Heels (ZFRMX Album Mix) [4:54]<br \/>\n6. ZFRMX &#8211; Let&#8217;s Dance (ZFRMX Mix) [4:59]<br \/>\n7. ZFRMX &#8211; Clubcouture (Listen To Lex Vocal Mix) [4:34]<br \/>\n8. ZFRMX &#8211; Pick Me Up [2:43]<br \/>\n9. ZFRMX &#8211; Love Baby (feat DJ Observer) [4:11]<br clear=all><br \/>\nPreis: Album komplett: \u20ac 7,65 &#8211; 12,76 je nach Qualit\u00e4t.<br \/>\nKaufen kannst Du bei <a href=\"http:\/\/www.junodownload.com\/products\/god-damn-sexy\/1969430-02\/\" target=\"_blank\" rel=\"noopener noreferrer\"><strong>junodownload<\/strong><\/a> und <strong><a href=\"http:\/\/itunes.apple.com\/us\/album\/god-damn-sexy\/id527681198?i=527681201&#038;ign-mpt=uo%3D4#\" target=\"_blank\" rel=\"noopener noreferrer\">iTunes<\/a><\/strong>.<br \/>\n&nbsp;<br \/>\n<span style=\"line-height: 12pt;\"><strong><i><font color=\"#FFFF00\">Single ZWEITFRAU &#8211; LOVE BABY, LOVE! <\/font><\/i><\/strong>, ver\u00f6ffentlicht in \u00d6sterreich: 17.02.2012<\/span> als <strong>DOWNLOAD<\/strong><br \/>\n&nbsp;<br \/>\n<a href=\"http:\/\/www.zweitfrau.eu\/wordpress\/wp-content\/uploads\/cover_love_baby_zf.png\"><img loading=\"lazy\" decoding=\"async\" src=\"http:\/\/www.zweitfrau.eu\/wordpress\/wp-content\/uploads\/love_baby_cover_zf_tbn1.png\" alt=\"\" title=\"love_baby_cover_zf_tbn\" width=\"128\" height=\"128\" style=\"float:left; margin-right:20px;  margin-bottom:10px;\" class=\"alignnone size-full wp-image-999\" \/><\/a><strong>LOVE BABY, LOVE!<\/strong><br \/>\n&nbsp;<br \/>\nMaxi &#8222;Love Baby, Love!&#8220;<br \/>\nZweitfrau Records<br \/>\n1. Love Baby, Love! (Radio Edit), Zweitfrau  \t3:34 \tMP3<br \/>\n2. Love Baby, Love! (Album Edit), Zweitfrau  \t4:11 \tMP3<br \/>\n<br clear=all><br \/>\nKaufen kannst Du bei <strong>musicload<\/strong> und <strong>iTunes<\/strong>.<br \/>\n&nbsp;<br \/>\n<span style=\"line-height: 12pt;\"><strong><i><font color=\"#FFFF00\">Single ZFRMX &#8211; LOVE BABY (Remix) <\/font><\/i><\/strong>, ver\u00f6ffentlicht in \u00d6sterreich: 11.11.2011<\/span> als <strong>DOWNLOAD<\/strong><br \/>\n&nbsp;<br \/>\n<img loading=\"lazy\" decoding=\"async\" src=\"http:\/\/www.zweitfrau.eu\/wordpress\/wp-content\/uploads\/love_baby.jpg\" alt=\"\" title=\"love_baby\" width=\"150\" height=\"150\" style=\"float:left; margin-right:20px;  margin-bottom:10px;\" class=\"alignnone size-full wp-image-970\" \/><strong>ZFRMX &#8211; LOVE BABY, LOVE<\/strong><br \/>\n<br clear=all><br \/>\n<strong>ZFRMX feat. DJ Observer -\u201dLove Baby\u201d<\/strong><br \/>\nKauf (Track 0,99 Euro): <strong><a href=\"http:\/\/itunes.apple.com\/de\/album\/love-baby-original-mix-feat.\/id478810275\" target=\"_blank\"\" rel=\"noopener noreferrer\">iTunes<\/a><\/strong>.<br \/>\n&nbsp;<br \/>\n<span style=\"line-height: 12pt;\"><strong><i><font color=\"#FFFF00\">Single ZFRMX &#8211; GIRLS IN HTGH HEELS<\/font><\/i><\/strong>, ver\u00f6ffentlicht in \u00d6sterreich: 26.08.2011<\/span> als <strong>DOWNLOAD<\/strong><br \/>\n&nbsp;<br \/>\n<img loading=\"lazy\" decoding=\"async\" src=\"http:\/\/www.zweitfrau.eu\/wordpress\/wp-content\/uploads\/single_zfrmx_girls_in_high_heels.jpg\" alt=\"\" title=\"single_zfrmx_girls_in_high_heels\" width=\"170\" height=\"170\" style=\"float:left; margin-right:20px;  margin-bottom:10px;\" class=\"alignnone size-full wp-image-920\" \/><strong>ZFRMX &#8211; GIRLS IN HIGH HEELS<\/strong> und zwar in 2 Variationen<br \/>\n&nbsp;<br \/>\n1 Girls in Highheels (ZFRMX Mix) 4:56<br \/>\n2 Girls in Highheels (Listen to Lex Mix) 5:09<br \/>\n(ZWEITFRAU RECORDS)<br \/>\n<br clear=all><br \/>\nKauf (pro Track 1,29 Euro): <strong><a href=\"http:\/\/itunes.apple.com\/at\/album\/girls-in-highheels-listen\/id452708371?i=452708421\">iTunes<\/a><\/strong>.<br \/>\n&nbsp;<br \/>\n<span style=\"line-height: 12pt;\"><strong><i><font color=\"#FFFF00\">Single ZFRMX &#8211; CLUBCOUTURE<\/font><\/i><\/strong>, ver\u00f6ffentlicht in \u00d6sterreich: 20.05.2011<\/span> als <strong>DOWNLOAD<\/strong><br \/>\n&nbsp;<br \/>\n<img loading=\"lazy\" decoding=\"async\" src=\"http:\/\/www.zweitfrau.eu\/wordpress\/wp-content\/uploads\/zfrmx_clubcouture.jpg\" alt=\"zfrmx_clubcouture\" title=\"zfrmx_clubcouture\" width=\"170\" height=\"170\" style=\"float:left; margin-right:20px;  margin-bottom:10px;\"class=\"alignnone size-full wp-image-899\" \/><strong>ZFRMX &#8211; CLUBCOUTURE<\/strong> und zwar in 3 Varianten<\/p>\n<p>1\tClubcouture (Listen to Lex Radio Edit) \t3:47<br \/>\n2\tClubcouture (Listen to Lex Vocal Mix) \t4:36<br \/>\n3\tClubcouture (Steelfish At Night Remix) \t7:47<br \/>\n(ZWEITFRAU RECORDS)<br \/>\n<br clear=all><br \/>\nKauf (pro Track 0,99 Euro): <strong><a href=\"http:\/\/itunes.apple.com\/at\/album\/clubcouture-single\/id431096569\">iTunes<\/a><\/strong>.<br \/>\n&nbsp;<br \/>\n<span style=\"line-height: 12pt;\"><strong><i><font color=\"#FFFF00\"> Album ZWEITFRAU &#8211; DATE ME<\/font><\/i><\/strong>, ver\u00f6ffentlicht in \u00d6sterreich: 05. Feber 2010<\/span><\/p>\n<table>\n<tr>\n<td valign=\"top\"><dir><strong>Titelliste: Album &#8222;DATE ME&#8220;<\/strong><span style=\"line-height: 12pt; font-size:x-small\"><br \/>\n1. \tLet&#8217;s Dance<br \/>\n2. \tHey Girl<br \/>\n3. \tErinner Dich<br \/>\n4. \tWellenreiter<br \/>\n5. \tDate Me<br \/>\n6. \tLauf Baby<br \/>\n7. \tClubkultur<br \/>\n8. \tGlanz (Komm tanz mit mir)<br \/>\n9. \tInside My Head<br \/>\n10.    Wow<br \/>\n11. \tBoy, Come On Rock Me<br \/>\n12. \tRight On<br \/>\n13. \tChange<br \/>\n14. \tErinner Dich (RMX)<br \/>\n<\/dir><\/td>\n<td><img loading=\"lazy\" decoding=\"async\" src=\"http:\/\/www.zweitfrau.eu\/wordpress\/wp-content\/uploads\/cover_date_me.jpg\" alt=\"cover_date_me\" title=\"cover_date_me\" width=\"244\" height=\"244\" class=\"alignnone size-full wp-image-632\" \/><\/td>\n<\/tr>\n<\/table>\n<p><span style=\"line-height: 12pt;\">H\u00f6rproben f\u00fcr das Album <strong>DATE ME<\/strong> findest Du bei <strong>Soul Seduction<\/strong> und unter <a href=\"http:\/\/www.zweitfrau.eu\/wordpress\/songs\"><strong>SONGS<\/strong><\/a>.<br \/>\nAlbum downloaden bei <strong><a href=\"http:\/\/itunes.apple.com\/at\/album\/date-me\/id346934888\">iTunes<\/a><\/strong>:<br \/>\n<a href=\"http:\/\/itunes.apple.com\/at\/album\/date-me\/id346934888\"><img loading=\"lazy\" decoding=\"async\" src=\"http:\/\/www.zweitfrau.eu\/wordpress\/wp-content\/uploads\/itunes_trans.gif\" alt=\"\" title=\"itunes_trans\" width=\"89\" height=\"29\" class=\"alignnone size-full wp-image-41\" \/><\/a><br \/>\nAlbum direkt per Mailorder beim Vertrieb bestellen um \u20ac 17,99:<br \/>\n<img loading=\"lazy\" decoding=\"async\" src=\"http:\/\/www.zweitfrau.eu\/wordpress\/wp-content\/uploads\/hoanzl_logo.gif\" alt=\"\" title=\"hoanzl_logo\" width=\"100\" height=\"30\" class=\"alignnone size-full wp-image-40\" \/>  <strong>Vertrieb Hoanzl<\/strong><br \/>\n<strong>SOUL SEDUCTION<\/strong><br \/>\n<strong>MUSICLOAD<\/strong> <\/span><\/p>\n<p><span style=\"line-height: 12pt;\"><strong><i><font color=\"#FFFF00\">SINGLE ZWEITFRAU &#8211; WELLENREITER<\/font><\/i><\/strong>, ab 16.10.2009 <strong>nur digital (downloadbar!)<\/strong> ver\u00f6ffentlicht.<\/span><br \/>\n<img loading=\"lazy\" decoding=\"async\" src=\"http:\/\/www.zweitfrau.eu\/wordpress\/wp-content\/uploads\/zweitfrau_cover_wellenreiter_170x170.png\" alt=\"zweitfrau_cover_wellenreiter_170x170\" title=\"zweitfrau_cover_wellenreiter_170x170\" width=\"150\" height=\"150\" style=\"float:left; margin-right:20px;  margin-bottom:10px;\" class=\"alignnone size-full wp-image-513\" \/>H\u00f6rprobe <span style=\"font-size:12pt;\">&rarr;<\/span> <a href=\"http:\/\/www.zweitfrau.eu\/wordpress\/songs\/\"><strong>Wellenreiter<\/strong><\/a><br \/>\n<span style=\"line-height: 12pt;\"><strong>Download:<\/strong><br \/>\n<strong>Musicload.de<\/strong><br \/>\n<a href=\"http:\/\/itunes.apple.com\/WebObjects\/MZStore.woa\/wa\/viewAlbum?id=332066398&#038;s=143445\"><strong>itunes<\/strong>*<sup>)<\/sup><\/a><br \/>\n*<sup>)<\/sup> Der Fanclub macht Dich aufmerksam, dass man in jeder Trafik eine <strong>iTunes-Wertkarte<\/strong> kaufen, damit sein Konto aufladen und so <strong>ohne Creditcard<\/strong> durchkommen kann.<\/span><br clear=all><br \/>\n&nbsp;<br \/>\n<span style=\"line-height: 12pt;\"><strong><i><font color=\"#FFFF00\">EP ZWEITFRAU &#8211; ERINNER DICH <\/font><\/i><\/strong>, ab 9.05.2009 digital (downloadbar!) ver\u00f6ffentlicht, ganz oder einzelne Tracks kannst Du downloaden <\/span><\/p>\n<table>\n<tr>\n<td><img loading=\"lazy\" decoding=\"async\" src=\"http:\/\/www.zweitfrau.eu\/wordpress\/wp-content\/uploads\/cover_ep-erinner-dich_tumbnail.jpg\" alt=\"cover_ep-erinner-dich_tumbnail\" title=\"cover_ep-erinner-dich_tumbnail\" width=\"150\" height=\"150\"  class=\"alignnone size-full wp-image-398\" \/><\/td>\n<td valign=\"top\"><span style=\"line-height: 12pt; font-size:small\"><dir><strong>Titelliste: ERINNER DICH<\/strong><br \/>\n1. Erinner Dich<br \/>\n2. Erinner Dich (Giorgio Pompidou Remix)<br \/>\n3. Right On<br \/>\n4. Right On (Sounforce &#038; O-Ton Club Edit)<\/span><br \/>\n<\/dir><\/span><\/td>\n<\/tr>\n<\/table>\n<p><span style=\"line-height: 12pt;\">Reinh\u00f6ren (Snippets) kannst Du <a href=\"http:\/\/www.zweitfrau.com\/musik\"><strong>hier<\/strong><\/a>, auch auf die Texte kannst Du dort zugreifen.<br \/>\nFoto: &copy;<\/span> MARIO SCHMOLKA \/ <a href=\"http:\/\/www.marioschmolka.com\/\">www.marioschmolka.com<\/a><\/span><br clear=all><br \/>\n<span style=\"line-height: 12pt;\"><strong>Download:<\/strong><br \/>\n<a href=\"http:\/\/itunes.apple.com\/WebObjects\/MZStore.woa\/wa\/viewArtist?id=214361510\"><strong>itunes<\/strong>*<sup>)<\/sup><\/a><br \/>\n<strong>Mindawn<\/strong>&nbsp;Downloadformate: OGG unf FLAC<br \/>\nund vielen anderen Onlinestores erh\u00e4ltlich!<br \/>\n*<sup>)<\/sup> Der Fanclub macht Dich aufmerksam, dass man in jeder Trafik eine iTunes-Wertkarte kaufen, damit sein Konto aufladen und so ohne Creditcard durchkommen kann.<\/span><br \/>\n&nbsp;<br \/>\n<span style=\"line-height: 12pt;\"><strong><i><font color=\"#FFFF00\">EP ZWEITFRAU &#8211; INTENSIV (Remixed)<\/font><\/i><\/strong>, im November 2008 in Deutschland digital (downloadbar!) ver\u00f6ffentlicht, ganz oder einzelne Tracks kannst Du downloaden <\/span><\/p>\n<table>\n<tr>\n<td valign=\"top\"><dir><strong>Titelliste: Intensiv&#8220;<\/strong><br \/>\n<span style=\"line-height: 12pt; font-size:small\">1. Intensiv (Radiocut)<br \/>\n2. Intensiv (Long Version)<br \/>\n3. Intensiv (Giorgio Pompidou Remix)<br \/>\n4. Intensiv (In Dance 4 Remix)<br \/>\n5. Intensiv (Overall Remix)<\/span><br \/>\n<\/dir><\/td>\n<td><img loading=\"lazy\" decoding=\"async\" src=\"http:\/\/www.zweitfrau.eu\/wordpress\/wp-content\/uploads\/intensiv_remixed.jpg\" alt=\"\" title=\"intensiv_remixed\" width=\"150\" height=\"150\" class=\"alignnone size-full wp-image-257\" \/> <\/td>\n<\/tr>\n<\/table>\n<p><span style=\"line-height: 12pt;\">EP downloaden um 4,49 Euro oder einzeln ab 0,99 Euro bei<br \/>\n<strong><strong>musicload<\/strong><\/strong> und<br \/>\n<strong><a href=\"http:\/\/itunes.apple.com\/WebObjects\/MZStore.woa\/wa\/viewAlbum?id=289482031&#038;s=143445\"><strong>iTunes<\/strong><\/a><\/strong><\/span><\/p>\n<p><span style=\"line-height: 12pt;\"><strong><i><font color=\"#FFFF00\"> Album ZWEITFRAU &#8211; R\u00dcCKENDECKUNG<\/font><\/i><\/strong>,<br \/>\nver\u00f6ffentlicht in \u00d6sterreich: Feber 2008 in \u00d6sterreich<br \/>\n&nbsp;&nbsp;&nbsp;&nbsp;&nbsp;&nbsp;&nbsp;&nbsp;&nbsp;&nbsp;&nbsp;&nbsp;&nbsp;&nbsp;&nbsp;&nbsp;&nbsp;&nbsp;&nbsp;in Deutschland: 16.01.2009<\/span><\/p>\n<table>\n<tr>\n<td valign=\"top\"><dir><strong>Titelliste: Album &#8222;R\u00fcckendeckung&#8220;<\/strong><span style=\"line-height: 12pt; font-size:x-small\"><br \/>\n1. \tIntro<br \/>\n2. \tSiehst du<br \/>\n3. \tAlles dreht sich<br \/>\n4. \tIntensiv<br \/>\n5. \tIch brauch<br \/>\n6. \tR\u00fcckendeckung<br \/>\n7. \tDicke Weiber und Roulette<br \/>\n8. \tSchnitt<br \/>\n9. \tMach dich stark<br \/>\n10.        Alles wird gut<br \/>\n11. \tDein Gesicht<br \/>\n12. \tEs kann nichts passieren<br \/>\n13. \tStill<br \/>\n14. \tVielleichter<br \/>\n15. \tStabil <\/span><\/dir><\/td>\n<td><img loading=\"lazy\" decoding=\"async\" src=\"http:\/\/www.zweitfrau.eu\/wordpress\/wp-content\/uploads\/zf_cover_album_gr.gif\" alt=\"\" title=\"zf_cover_album_gr\" width=\"300\" height=\"268\" class=\"alignnone size-full wp-image-46\" \/><\/td>\n<\/tr>\n<\/table>\n<p>Album um \u20ac 9,99 downloaden bei iTunes:<br \/>\n<a href='itms:\/\/phobos.apple.com\/WebObjects\/MZStore.woa\/wa\/viewAlbum?i=271779000&amp;id=271778980&amp;s=143443'><img loading=\"lazy\" decoding=\"async\" src=\"http:\/\/www.zweitfrau.eu\/wordpress\/wp-content\/uploads\/itunes_trans.gif\" alt=\"\" title=\"itunes_trans\" width=\"89\" height=\"29\" class=\"alignnone size-full wp-image-41\" \/><\/a>  <a href=\"itms:\/\/phobos.apple.com\/WebObjects\/MZStore.woa\/wa\/viewAlbum?i=271779000&amp;id=271778980&amp;s=143443\"><strong>iTunes<\/strong><\/a><br \/>\nAlbum direkt per Mailorder beim Vertrieb bestellen um \u20ac 17,99:<br \/>\n<img loading=\"lazy\" decoding=\"async\" src=\"http:\/\/www.zweitfrau.eu\/wordpress\/wp-content\/uploads\/hoanzl_logo.gif\" alt=\"\" title=\"hoanzl_logo\" width=\"100\" height=\"30\" class=\"alignnone size-full wp-image-40\" \/>  <strong>Vertrieb Hoanzl<\/strong><\/p>\n<p><span style=\"line-height: 12pt;\"><strong><i><font color=\"#FFFF00\">Single ZWEITFRAU &#8211; DICKE WEIBER UND ROULETTE<\/font><\/i><\/strong>, am 06.06.2008 in \u00d6sterreich erschienen, ganz oder einzelne Tracks kannst Du downloaden<\/span><\/p>\n<table>\n<tr>\n<td valign=\"top\"><dir><strong>Titelliste: Single &#8222;Dicke Weiber und Roulette&#8220;<\/strong><br \/>\n<span style=\"line-height: 12pt; font-size:x-small\">1. Dicke Weiber &#038; Roulette (Radiocut)<br \/>\n2. Vor dem Spiel (Radiocut)<br \/>\n3. Dicke Weiber &#038; Roulette (Overall-RMX)<br \/>\n4. Vor dem Spiel (Uncle Fenster remix) <\/span><br \/>\n<\/dir><\/td>\n<td><img loading=\"lazy\" decoding=\"async\" src=\"http:\/\/www.zweitfrau.eu\/wordpress\/wp-content\/uploads\/single-rueckendeckung2.jpg\" alt=\"\" title=\"single-rueckendeckung2\" width=\"240\" height=\"240\" class=\"alignnone size-full wp-image-73\" srcset=\"http:\/\/www.zweitfrau.eu\/wordpress\/wp-content\/uploads\/single-rueckendeckung2.jpg 240w, http:\/\/www.zweitfrau.eu\/wordpress\/wp-content\/uploads\/single-rueckendeckung2-150x150.jpg 150w\" sizes=\"auto, (max-width: 240px) 100vw, 240px\" \/> <\/td>\n<\/tr>\n<\/table>\n<p><span style=\"line-height: 12pt;\">Single kaufen bei<br \/>\nAMAZON.DE um \u20ac 6,67 (CD\/DVD)<br \/>\n<a href=\"http:\/\/www.amazon.de\/Dicke-Weiber-Roulette-Zweitfrau\/dp\/B0019F0VJU\/ref=sr_1_1?ie=UTF8&#038;s=music&#038;qid=1213022963&#038;sr=8-1\"><strong>Amazon.de<\/strong><\/a><br \/>\niTUNES um \u20ac 3.96 (Online)<br \/>\n<a href=\"http:\/\/ax.phobos.apple.com.edgesuite.net\/WebObjects\/MZStore.woa\/wa\/browserRedirect?url=itms%253A%252F%252Fax.phobos.apple.com.edgesuite.net%252FWebObjects%252FMZStore.woa%252Fwa%252FviewAlbum%253Fid%253D280249204%2526s%253D143445\"><strong>iTunes<\/strong><\/a><br \/>\nMUSICLOAD.DE um \u20ac 4,49 (Online)<br \/>\n<strong>Musicload.de<\/strong><br \/>\nu.s.w.<\/span><\/p>\n<p><\/center><center><\/p>\n","protected":false},"excerpt":{"rendered":"<p>Adobe hat den Flash Player eingestellt. Die H\u00f6rproben funktionieren daher leider nicht mehr und Kauf\/Preis sowie Vertriebsoptionen sind nicht mehr aktuell. &nbsp; Du wirst Verst\u00e4ndnis daf\u00fcr haben, dass es auf dieser Plattform nicht m\u00f6glich ist, direkt Online einzukaufen. Der Aufwand und die Rechte &#8211; es ist einfach unm\u00f6glich. Der Fanclub m\u00f6chte Dich aber auf einige [&hellip;]<\/p>\n","protected":false},"author":1,"featured_media":0,"parent":0,"menu_order":7,"comment_status":"open","ping_status":"open","template":"","meta":{"ngg_post_thumbnail":0,"footnotes":""},"class_list":["post-39","page","type-page","status-publish","hentry"],"_links":{"self":[{"href":"http:\/\/www.zweitfrau.eu\/wordpress\/wp-json\/wp\/v2\/pages\/39","targetHints":{"allow":["GET"]}}],"collection":[{"href":"http:\/\/www.zweitfrau.eu\/wordpress\/wp-json\/wp\/v2\/pages"}],"about":[{"href":"http:\/\/www.zweitfrau.eu\/wordpress\/wp-json\/wp\/v2\/types\/page"}],"author":[{"embeddable":true,"href":"http:\/\/www.zweitfrau.eu\/wordpress\/wp-json\/wp\/v2\/users\/1"}],"replies":[{"embeddable":true,"href":"http:\/\/www.zweitfrau.eu\/wordpress\/wp-json\/wp\/v2\/comments?post=39"}],"version-history":[{"count":0,"href":"http:\/\/www.zweitfrau.eu\/wordpress\/wp-json\/wp\/v2\/pages\/39\/revisions"}],"wp:attachment":[{"href":"http:\/\/www.zweitfrau.eu\/wordpress\/wp-json\/wp\/v2\/media?parent=39"}],"curies":[{"name":"wp","href":"https:\/\/api.w.org\/{rel}","templated":true}]}}