{"id":4,"date":"2008-05-19T12:54:10","date_gmt":"2008-05-19T10:54:10","guid":{"rendered":"http:\/\/www.zweitfrau.eu\/wordpress\/?page_id=4"},"modified":"2025-04-18T15:25:50","modified_gmt":"2025-04-18T13:25:50","slug":"foto-galerie","status":"publish","type":"page","link":"http:\/\/www.zweitfrau.eu\/wordpress\/foto-galerie\/","title":{"rendered":"FOTO GALERIE"},"content":{"rendered":"<p><span style=\"line-height: 12pt;\">Wir erstellen f\u00fcr jede Fotoserie in der Foto Galerie einen neue Unterseite, wo man Bilder einzeln oder mittels Slideshow betrachten kann. <\/span><br \/>\n&nbsp;<br \/>\nBisherige Bilder- Shows:<\/p>\n<table>\n<tr>\n<td><strong>Albumpr\u00e4sentation &#8222;10&#8220;<\/strong><br \/>\n<a href=\"http:\/\/www.zweitfrau.eu\/wordpress\/albumpraesentation-10\/1116\/\"><img loading=\"lazy\" decoding=\"async\" src=\"http:\/\/www.zweitfrau.eu\/wordpress\/wp-content\/uploads\/10_albumpraesentation_2013.jpg\" alt=\"\" title=\"10_albumpraesentation_2013\" width=\"150\" height=\"84\" class=\"alignnone size-full wp-image-1117\" \/><\/a><\/td>\n<td width=\"10px\"> <\/td>\n<td><span style=\"line-height: 12pt;\">Die Albumpr\u00e4sentation von Zweitfrau im Chaya Fuera in Wien 1070, Kandlgasse wird man nicht so schnell vergessen. Geladene G\u00e4ste und Fans in reicher Zahl konnten zuerst die Dokumentation \u201c10 Jahre Zweitfrau\u201d geniessen, die eindruckvoll zeigte, was diese Band in den Jahren erfolgreich kreierte.  <\/span><br \/>\n<a href=\"http:\/\/www.zweitfrau.eu\/wordpress\/albumpraesentation-10\/1116\/\">Albumpr\u00e4sentation &#8222;10&#8220;<\/a><\/td>\n<\/tr>\n<tr>\n<td><strong>LVL7 Launch. Flightparty<\/strong><br \/>\n<a href=\"http:\/\/www.zweitfrau.eu\/wordpress\/vlv7-zweitfrau-gig\/1011\/\"><img loading=\"lazy\" decoding=\"async\" src=\"http:\/\/www.zweitfrau.eu\/wordpress\/wp-content\/uploads\/P1010476_tbn.jpg\" alt=\"\" title=\"P1010476_tbn\" width=\"150\" height=\"100\" class=\"alignnone size-full wp-image-1014\" \/><\/a><\/td>\n<td width=\"10px\"> <\/td>\n<td><span style=\"line-height: 12pt;\">am 25.02.2012 hie\u00df <i>Fasten your seatbelts!<\/i> die Devise und diesem Motto wurde Zweitfrau (alias ZFRMX) voll gerecht mit einem Gig, der die Besucher vergessen lie\u00df, dass sie sich eigentlich anschnallen sollten.  <\/span><\/p>\n<p><a href=\"http:\/\/www.zweitfrau.eu\/wordpress\/vlv7-zweitfrau-gig\/1011\/\">LVL7 &#8211; Launch. Flightparty<\/a><\/td>\n<\/tr>\n<tr>\n<td><strong>Stadt.Fest.Wien<\/strong><br \/>\n<a href=\"http:\/\/www.zweitfrau.eu\/wordpress\/heldenplatz-wien-2010\/727\/\"><img loading=\"lazy\" decoding=\"async\" src=\"http:\/\/www.zweitfrau.eu\/wordpress\/wp-content\/uploads\/zf_heldenplatz_date_me_29052010_tbn.jpg\" alt=\"zf_heldenplatz_date_me_29052010_tbn\" title=\"zf_heldenplatz_date_me_29052010_tbn\" width=\"150\" height=\"84\" class=\"alignnone size-full wp-image-725\" \/> <\/a><\/td>\n<td width=\"10px\"> <\/td>\n<td><span style=\"line-height: 12pt;\">am 29.05.2010 fand der Auftackt zur &#8222;Date Me&#8220; Tournee 2010 auf dem ehrw\u00fcrdigen Heldenplatz in Wien statt. Zweitfrau konnte hunderte neue Fans gewinnen und zeigte eine tolle Performance.<\/span><\/p>\n<p><a href=\"http:\/\/www.zweitfrau.eu\/wordpress\/heldenplatz-wien-2010\/727\/\">Stadt.Fest.Wien, Heldenplatz<\/a><\/td>\n<\/tr>\n<tr>\n<td><strong>Wiener Neustadt 2008:<\/strong><br \/>\n<a href=\"http:\/\/www.zweitfrau.eu\/wordpress\/?page_id=274&#038;preview=true\"><img loading=\"lazy\" decoding=\"async\" src=\"http:\/\/www.zweitfrau.eu\/wordpress\/wp-content\/uploads\/backstagebar_4170.jpg\" alt=\"\" title=\"backstagebar_4170\" width=\"150\" height=\"112\" class=\"alignnone size-full wp-image-273\" \/> <\/a><\/td>\n<td width=\"10px\"> <\/td>\n<td><span style=\"line-height: 12pt;\">am 12.12.2008 war der Abschlu\u00df Gig 2008 in der ausverkauften Backstage Bar angesagt. Maria machte trotz engsten Raumverh\u00e4ltnisen vielsagende Bilder.<\/span><\/p>\n<p><a href=\"http:\/\/www.zweitfrau.eu\/wordpress\/?page_id=274&#038;preview=true\">Backstage Bar<\/a><\/td>\n<\/tr>\n<tr>\n<td><strong>M\u00fcnchen 2008:<\/strong><br \/>\n<a href=\"http:\/\/www.zweitfrau.eu\/wordpress\/?page_id=177&#038;preview=true\"><img loading=\"lazy\" decoding=\"async\" src=\"http:\/\/www.zweitfrau.eu\/wordpress\/wp-content\/uploads\/img_4096_tn.jpg\" alt=\"tumbnail\" title=\"Olympiastadion M\u00fcnchen\" width=\"150\" height=\"112\" class=\"alignnone size-full wp-image-178\" \/><\/a><\/td>\n<td width=\"10px\"><\/td>\n<td><span style=\"line-height: 12pt;\">am 21.08.2008 rockte Zweitfrau im legend\u00e4ren Olympiastadion von M\u00fcnchen unter dem Glasziegeldach. Orlando drehte ein <a href=\"http:\/\/www.zweitfrau.eu\/wordpress\/?page_id=170\">Video<\/a> und machte die Bilder.<\/span><\/p>\n<p><a href=\"http:\/\/www.zweitfrau.eu\/wordpress\/?page_id=177&#038;preview=true\">Olympiastadion M\u00fcnchen<\/a><\/td>\n<\/tr>\n<tr>\n<td><strong>Donaub\u00fchne Tulln 2008:<\/strong><br \/>\n<a href=\"http:\/\/www.zweitfrau.eu\/wordpress\/?page_id=179&#038;preview=true\"><img loading=\"lazy\" decoding=\"async\" src=\"http:\/\/www.zweitfrau.eu\/wordpress\/wp-content\/uploads\/img_3995_tmbn.jpg\" alt=\"\" title=\"Donaub\u00fchne Tulln\" width=\"150\" height=\"112\" class=\"alignnone size-full wp-image-180\" \/><\/a><\/td>\n<td width=\"10px\"><\/td>\n<td>&nbsp;<\/p>\n<p><span style=\"line-height: 12pt;\">am 16.08.2008 auf der Donaub\u00fchne in Tulln. Es war wohl der k\u00e4lteste Sommertag des Sommers 2008. Trotzdem kamen zahlreiche Fans nach Tulln, um Zweitfrau auf dieser herrlich gelegenen Donaub\u00fchne zu erleben.<\/span><\/p>\n<p><a href=\"http:\/\/www.zweitfrau.eu\/wordpress\/?page_id=179&#038;preview=true\">Donaub\u00fchne<\/a><\/td>\n<\/tr>\n<tr>\n<td><strong>Summerstage 2008:<\/strong><br \/>\n<a href=\"http:\/\/www.zweitfrau.eu\/wordpress\/?page_id=49\"><img decoding=\"async\" src=\"http:\/\/www.zweitfrau.eu\/wordpress\/wp-content\/uploads\/videopics\/summerstage_2008_150x.gif\" alt=\"Summerstage Wien\" title=\"Summerstage 2008\" style=\"float: right;\" \/><\/a><\/td>\n<td width=\"10px\"><\/td>\n<td>&nbsp;<br \/><span style=\"line-height: 12pt;\">am 01.06.2008 war der FC auf der Summerstage in Wien und wurde von einem Unwetter \u00fcberrascht. Trotzdem schien die Sonne &#8211; Zweitfrau strahlte heller als die Blitze, die uns das F\u00fcrchten lehrten.<\/span><\/p>\n<p><a href=\"http:\/\/www.zweitfrau.eu\/wordpress\/?page_id=49\">Summerstage<\/a><\/td>\n<\/tr>\n<tr>\n<td><strong>Lifeball 2008:<\/strong><br \/>\n<a href=\"http:\/\/www.zweitfrau.eu\/wordpress\/?page_id=5\"><img decoding=\"async\" src=\"http:\/\/www.zweitfrau.eu\/wordpress\/wp-content\/uploads\/bild 14_tbn.jpg\" alt=\"Lifeball 2008l\" title=\"Lifeball 2008\" style=\"float: right;\" \/><\/a><\/td>\n<td width=\"10px\"><\/td>\n<td>&nbsp;<br \/><span style=\"line-height: 12pt;\">am 17.05.2008 waren wir am Rathausplatz, Wien, um ZF live in toller Kost\u00fcmierung vor gez\u00e4hlten 50.000 Zuschauern und einem Millionenpublikum bei der Live\u00fcbertragung durch ORF1 zu erleben.<br \/>\n<\/span><br \/>\n<a href=\"http:\/\/www.zweitfrau.eu\/wordpress\/?page_id=5\">Lifeball<\/a><\/td>\n<\/tr>\n<\/table>\n","protected":false},"excerpt":{"rendered":"<p>Wir erstellen f\u00fcr jede Fotoserie in der Foto Galerie einen neue Unterseite, wo man Bilder einzeln oder mittels Slideshow betrachten kann. &nbsp; Bisherige Bilder- Shows: Albumpr\u00e4sentation &#8222;10&#8220; Die Albumpr\u00e4sentation von Zweitfrau im Chaya Fuera in Wien 1070, Kandlgasse wird man nicht so schnell vergessen. Geladene G\u00e4ste und Fans in reicher Zahl konnten zuerst die Dokumentation [&hellip;]<\/p>\n","protected":false},"author":1,"featured_media":0,"parent":0,"menu_order":2,"comment_status":"open","ping_status":"open","template":"","meta":{"ngg_post_thumbnail":0,"footnotes":""},"class_list":["post-4","page","type-page","status-publish","hentry"],"_links":{"self":[{"href":"http:\/\/www.zweitfrau.eu\/wordpress\/wp-json\/wp\/v2\/pages\/4","targetHints":{"allow":["GET"]}}],"collection":[{"href":"http:\/\/www.zweitfrau.eu\/wordpress\/wp-json\/wp\/v2\/pages"}],"about":[{"href":"http:\/\/www.zweitfrau.eu\/wordpress\/wp-json\/wp\/v2\/types\/page"}],"author":[{"embeddable":true,"href":"http:\/\/www.zweitfrau.eu\/wordpress\/wp-json\/wp\/v2\/users\/1"}],"replies":[{"embeddable":true,"href":"http:\/\/www.zweitfrau.eu\/wordpress\/wp-json\/wp\/v2\/comments?post=4"}],"version-history":[{"count":0,"href":"http:\/\/www.zweitfrau.eu\/wordpress\/wp-json\/wp\/v2\/pages\/4\/revisions"}],"wp:attachment":[{"href":"http:\/\/www.zweitfrau.eu\/wordpress\/wp-json\/wp\/v2\/media?parent=4"}],"curies":[{"name":"wp","href":"https:\/\/api.w.org\/{rel}","templated":true}]}}