{"id":49,"date":"2008-06-02T21:35:05","date_gmt":"2008-06-02T19:35:05","guid":{"rendered":"http:\/\/www.zweitfrau.eu\/wordpress\/?page_id=49"},"modified":"2018-01-26T21:10:58","modified_gmt":"2018-01-26T19:10:58","slug":"summerstage-2008","status":"publish","type":"page","link":"http:\/\/www.zweitfrau.eu\/wordpress\/foto-galerie\/summerstage-2008\/","title":{"rendered":"Summerstage 2008"},"content":{"rendered":"<p>Es war die H\u00f6lle! Es schien, als ob Wien in Hagel, Regen und Sturmb\u00f6en untergehen w\u00fcrde. Die \u00fcbervolle Lokation leerte sich zur H\u00e4lfte, da nur begrenzter \u00fcberdachter Regenschutz vorhanden war. An einen Gig war vorerst nicht zu denken und erst als sich die Situation etwas entspannte, konnte ein versp\u00e4teter Beginn verk\u00fcndet werden. Dieser fand auch tats\u00e4chlich statt, obwohl einige weitere Gewitter das Fest wegen Blitzgefahr entg\u00fcltig zu killen schienen.<br \/>\nMan mu\u00df schon sagen <i>todesmutig<\/i> fand der Gig dann statt und unseren Zweitfrauen war nichts vom Ungemach anzumerken.<br \/>\n<i>&#8222;Wir sind das fast schon gewohnt&#8220;<\/i>, war ihr Kommentar in Erinnerung an den Heldenplatz vor 3 Wochen. Volle W\u00e4sche dann 1 Stunde, die \u00fcbliche Lautst\u00e4rke gedrosselt und begeisterte Fans, die fast bei jedem Song den Text mitsangen.<br \/>\nEine ausgibige Autogramm-Runde beendete schlie\u00dflich den sonst so unheilvollen Abend.<\/p>\n<p><center>ngg_shortcode_0_placeholder<\/center><br \/>\n<span style=\"font-size:9pt;\">&copy; by Fanclub<\/span><\/p>\n","protected":false},"excerpt":{"rendered":"<p>Es war die H\u00f6lle! Es schien, als ob Wien in Hagel, Regen und Sturmb\u00f6en untergehen w\u00fcrde. Die \u00fcbervolle Lokation leerte sich zur H\u00e4lfte, da nur begrenzter \u00fcberdachter Regenschutz vorhanden war. An einen Gig war vorerst nicht zu denken und erst als sich die Situation etwas entspannte, konnte ein versp\u00e4teter Beginn verk\u00fcndet werden. Dieser fand auch [&hellip;]<\/p>\n","protected":false},"author":1,"featured_media":0,"parent":4,"menu_order":1,"comment_status":"open","ping_status":"open","template":"","meta":{"ngg_post_thumbnail":0,"footnotes":""},"class_list":["post-49","page","type-page","status-publish","hentry"],"_links":{"self":[{"href":"http:\/\/www.zweitfrau.eu\/wordpress\/wp-json\/wp\/v2\/pages\/49","targetHints":{"allow":["GET"]}}],"collection":[{"href":"http:\/\/www.zweitfrau.eu\/wordpress\/wp-json\/wp\/v2\/pages"}],"about":[{"href":"http:\/\/www.zweitfrau.eu\/wordpress\/wp-json\/wp\/v2\/types\/page"}],"author":[{"embeddable":true,"href":"http:\/\/www.zweitfrau.eu\/wordpress\/wp-json\/wp\/v2\/users\/1"}],"replies":[{"embeddable":true,"href":"http:\/\/www.zweitfrau.eu\/wordpress\/wp-json\/wp\/v2\/comments?post=49"}],"version-history":[{"count":0,"href":"http:\/\/www.zweitfrau.eu\/wordpress\/wp-json\/wp\/v2\/pages\/49\/revisions"}],"up":[{"embeddable":true,"href":"http:\/\/www.zweitfrau.eu\/wordpress\/wp-json\/wp\/v2\/pages\/4"}],"wp:attachment":[{"href":"http:\/\/www.zweitfrau.eu\/wordpress\/wp-json\/wp\/v2\/media?parent=49"}],"curies":[{"name":"wp","href":"https:\/\/api.w.org\/{rel}","templated":true}]}}