{"id":6,"date":"2008-05-19T15:05:59","date_gmt":"2008-05-19T13:05:59","guid":{"rendered":"http:\/\/www.zweitfrau.eu\/wordpress\/?page_id=6"},"modified":"2019-06-17T20:34:54","modified_gmt":"2019-06-17T18:34:54","slug":"lifeball-2008","status":"publish","type":"page","link":"http:\/\/www.zweitfrau.eu\/wordpress\/video\/lifeball-2008\/","title":{"rendered":"Lifeball"},"content":{"rendered":"<p><strong>Schrill, schriller &#8211; der Life Ball 2008.<\/strong><br \/>\nSamstag, 17.05.2008 stieg die Maga-Party vor und im Wiener Rathaus vor \u00fcber 50.000 Schaulustigen. Es war eine Mega-Show rund um die Au\u00dferirdischen nach dem Motto <i><strong>Landing on Planet Life Ball<\/strong><\/i>. &#8230; und toll landeten Valerie, Vincent Bueno und Zweitfrau mit dem Falco-Klassiker <i>Vienna Calling<\/i> in toller Kost\u00fcmierung mit dem Ufo.<br \/>\nEinen Live Mitschnitt des Auftrittes um Diana, Lex, Martin, Piotr und Markus f\u00fcr alle, die die \u00dcbertragung vers\u00e4umt haben.<br \/>\n&nbsp;<br \/>\n<center>\t<video id=\"wp_mep_1\" src=\"http:\/\/www.zweitfrau.eu\/wordpress\/wp-content\/uploads\/2019\/06\/lifeball.mp4\"  width=\"320\" height=\"240\" poster=\"http:\/\/www.zweitfrau.eu\/wordpress\/wp-content\/uploads\/2019\/06\/lifeball.jpg\" controls=\"controls\" preload=\"none\"  >\r\n\t\t\r\n\t\t\r\n\t\t\r\n\t\t\r\n\t\t\r\n\t\t\r\n\t\t\r\n\t<\/video>\r\n<script type=\"text\/javascript\">\r\njQuery(document).ready(function($) {\r\n\t$('#wp_mep_1').mediaelementplayer({\r\n\t\tm:1\r\n\t\t\r\n\t\t,features: ['playpause','current','progress','duration','volume','tracks','fullscreen']\r\n\t\t\r\n\t});\r\n});\r\n<\/script>\r\n<\/center><br \/>\n<span style=\"font-size:10pt;\">&copy;<\/span> by ORF<\/p>\n","protected":false},"excerpt":{"rendered":"<p>Schrill, schriller &#8211; der Life Ball 2008. Samstag, 17.05.2008 stieg die Maga-Party vor und im Wiener Rathaus vor \u00fcber 50.000 Schaulustigen. Es war eine Mega-Show rund um die Au\u00dferirdischen nach dem Motto Landing on Planet Life Ball. &#8230; und toll landeten Valerie, Vincent Bueno und Zweitfrau mit dem Falco-Klassiker Vienna Calling in toller Kost\u00fcmierung mit [&hellip;]<\/p>\n","protected":false},"author":1,"featured_media":0,"parent":3,"menu_order":2,"comment_status":"open","ping_status":"open","template":"","meta":{"ngg_post_thumbnail":0,"footnotes":""},"class_list":["post-6","page","type-page","status-publish","hentry"],"_links":{"self":[{"href":"http:\/\/www.zweitfrau.eu\/wordpress\/wp-json\/wp\/v2\/pages\/6","targetHints":{"allow":["GET"]}}],"collection":[{"href":"http:\/\/www.zweitfrau.eu\/wordpress\/wp-json\/wp\/v2\/pages"}],"about":[{"href":"http:\/\/www.zweitfrau.eu\/wordpress\/wp-json\/wp\/v2\/types\/page"}],"author":[{"embeddable":true,"href":"http:\/\/www.zweitfrau.eu\/wordpress\/wp-json\/wp\/v2\/users\/1"}],"replies":[{"embeddable":true,"href":"http:\/\/www.zweitfrau.eu\/wordpress\/wp-json\/wp\/v2\/comments?post=6"}],"version-history":[{"count":0,"href":"http:\/\/www.zweitfrau.eu\/wordpress\/wp-json\/wp\/v2\/pages\/6\/revisions"}],"up":[{"embeddable":true,"href":"http:\/\/www.zweitfrau.eu\/wordpress\/wp-json\/wp\/v2\/pages\/3"}],"wp:attachment":[{"href":"http:\/\/www.zweitfrau.eu\/wordpress\/wp-json\/wp\/v2\/media?parent=6"}],"curies":[{"name":"wp","href":"https:\/\/api.w.org\/{rel}","templated":true}]}}