{"id":9,"date":"2008-05-20T11:22:37","date_gmt":"2008-05-20T09:22:37","guid":{"rendered":"http:\/\/www.zweitfrau.eu\/wordpress\/?page_id=9"},"modified":"2025-08-10T18:57:08","modified_gmt":"2025-08-10T16:57:08","slug":"home","status":"publish","type":"page","link":"http:\/\/www.zweitfrau.eu\/wordpress\/home\/","title":{"rendered":"\u00dcBER UNS"},"content":{"rendered":"<p><span style=\"line-height: 12pt;\">Willkommen auf der Seite von den Freunden der Zweitfrau. Du und wir werden Seiten f\u00fcr Dich und andere Fans gestalten, die Dich und sie informieren und Erg\u00e4nzungen zu der offizielllen Homepage <a href=\"http:\/\/www.zweitfrau.com\"><strong>www.zweitfrau.com<\/strong><\/a> sein sollen.<br \/>\nWir werden nicht den Konzertkalender, die Bio, Band oder Sponsoren wiedergeben oder nachdrucken, sondern eigene Fotos, Videos und Songs von Konzerten der Band ins Internet stellen und uns Kommentare zu den jeweiligen Artikeln ansehen. Es soll keine Plattform zum Downloaden sein, obwohl manches sehr wohl downloadbar sein wird. Nat\u00fcrlich werden wir auch zu einzelnen Konzertterminen Ank\u00fcndigungen erstellen. Wir werden Medienberichte, Rezensionen, usw. sammeln und Dir zug\u00e4nglich machen.<\/span><\/p>\n<p>Da in letzter Zeit die musikalische Seite etwas in den Hintergrund getreten ist, aber nach wie vor gro\u00dfe Energie der S\u00e4ngerin Diana Lueger f\u00fcr andere Aktivit\u00e4ten ausgeht, macht es Sinn, \u00fcber diese zu berichten. So schreiben wir \u00fcber Yoga, Happy Mansion &#8211; Happy Menschen, usw.<\/p>\n<p>Willst Du mit uns Kontakt aufnehmen, dann mit der nachstehenden <strong><a href=\"mailto:lueger@aon.at\">eMail<\/a><\/strong>.<\/p>\n","protected":false},"excerpt":{"rendered":"<p>Willkommen auf der Seite von den Freunden der Zweitfrau. Du und wir werden Seiten f\u00fcr Dich und andere Fans gestalten, die Dich und sie informieren und Erg\u00e4nzungen zu der offizielllen Homepage www.zweitfrau.com sein sollen. Wir werden nicht den Konzertkalender, die Bio, Band oder Sponsoren wiedergeben oder nachdrucken, sondern eigene Fotos, Videos und Songs von Konzerten [&hellip;]<\/p>\n","protected":false},"author":1,"featured_media":0,"parent":0,"menu_order":1,"comment_status":"open","ping_status":"open","template":"","meta":{"ngg_post_thumbnail":0,"footnotes":""},"class_list":["post-9","page","type-page","status-publish","hentry"],"_links":{"self":[{"href":"http:\/\/www.zweitfrau.eu\/wordpress\/wp-json\/wp\/v2\/pages\/9","targetHints":{"allow":["GET"]}}],"collection":[{"href":"http:\/\/www.zweitfrau.eu\/wordpress\/wp-json\/wp\/v2\/pages"}],"about":[{"href":"http:\/\/www.zweitfrau.eu\/wordpress\/wp-json\/wp\/v2\/types\/page"}],"author":[{"embeddable":true,"href":"http:\/\/www.zweitfrau.eu\/wordpress\/wp-json\/wp\/v2\/users\/1"}],"replies":[{"embeddable":true,"href":"http:\/\/www.zweitfrau.eu\/wordpress\/wp-json\/wp\/v2\/comments?post=9"}],"version-history":[{"count":0,"href":"http:\/\/www.zweitfrau.eu\/wordpress\/wp-json\/wp\/v2\/pages\/9\/revisions"}],"wp:attachment":[{"href":"http:\/\/www.zweitfrau.eu\/wordpress\/wp-json\/wp\/v2\/media?parent=9"}],"curies":[{"name":"wp","href":"https:\/\/api.w.org\/{rel}","templated":true}]}}