{"id":20,"date":"2011-03-15T15:54:36","date_gmt":"2011-03-15T15:54:36","guid":{"rendered":"http:\/\/www.zweitfrau.eu\/yoga\/?page_id=20"},"modified":"2020-08-28T17:46:30","modified_gmt":"2020-08-28T15:46:30","slug":"asanas","status":"publish","type":"page","link":"http:\/\/www.zweitfrau.eu\/yoga\/asanas\/","title":{"rendered":"Asanas"},"content":{"rendered":"<p>Diana machte eine Ausbildung zur Yoga Lehrerin und unterrichtet Online.<br \/>\nIn <strong>WOMAN<\/strong> zeigt sie ihre liebsten \u00dcbungen und erkl\u00e4rt, worauf man dabei achten muss. Wir zitieren aus dem Artikel:<br \/>\n&nbsp;<\/p>\n<blockquote>\n<p><center><a href=\"http:\/\/www.zweitfrau.eu\/yoga\/wp-content\/uploads\/2011\/03\/stehender_bogen.jpg\"><img loading=\"lazy\" src=\"http:\/\/www.zweitfrau.eu\/yoga\/wp-content\/uploads\/2011\/03\/stehender_bogen.jpg\" alt=\"\" title=\"stehender_bogen\" width=\"204\" height=\"250\" class=\"alignnone size-full wp-image-22\"><\/a><\/center><br \/>\n&nbsp;<br \/>\n<strong>Stehender Bogen (Dandayamana-Dhanurasana)<\/strong><br \/>\nDas linke Bein anspannen, mit der rechten Hand den rechten Fu\u00df von innen am Kn\u00f6chel greifen (wichtig: Greifen Sie den Kn\u00f6chel an der Innenseite, die Ellenbogenbeuge zeigt dabei vom K\u00f6rper weg, auch wenn sich das am Anfang komisch anf\u00fchlt), die linke Hand nach oben strecken. Dann mit dem rechten Fu\u00df in die Hand nach hinten und oben kicken, den Oberk\u00f6rper nach vorne absenken. Eine Minute halten, mit der anderen Seite wiederholen.<br \/>\n&nbsp;<br \/>\n&nbsp;<br \/>\n<center><a href=\"http:\/\/www.zweitfrau.eu\/yoga\/wp-content\/uploads\/2011\/03\/graetsche.jpg\"><img loading=\"lazy\" src=\"http:\/\/www.zweitfrau.eu\/yoga\/wp-content\/uploads\/2011\/03\/graetsche-300x227.jpg\" alt=\"\" title=\"graetsche\" width=\"300\" height=\"227\" class=\"alignnone size-medium wp-image-23\" srcset=\"http:\/\/www.zweitfrau.eu\/yoga\/wp-content\/uploads\/2011\/03\/graetsche-300x227.jpg 300w, http:\/\/www.zweitfrau.eu\/yoga\/wp-content\/uploads\/2011\/03\/graetsche.jpg 329w\" sizes=\"(max-width: 300px) 100vw, 300px\" \/><\/a><\/center><br \/>\n&nbsp;<br \/>\n<strong>Gr\u00e4tsche mit dem Kopf am Boden (Prasarita Paschimottanasana)<\/strong><br \/>\nDie Beine gut 120 cm gr\u00e4tschen (je nach K\u00f6rpergr\u00f6\u00dfe den Schritt variieren). Mit gestreckten Beinen aus dem unteren R\u00fccken heraus nach vorne beugen, mit den H\u00e4nden die Fu\u00dfau\u00dfenkanten oder die Fesseln greifen. Nach vorne beugen, bis die Stirn den Boden ber\u00fchrt, die Beine dabei gestreckt lassen. Eine Minute halten.<br \/>\n&nbsp;<br \/>\n&nbsp;<br \/>\n<center><a href=\"http:\/\/www.zweitfrau.eu\/yoga\/wp-content\/uploads\/2011\/03\/dreieck.jpg\"><img loading=\"lazy\" src=\"http:\/\/www.zweitfrau.eu\/yoga\/wp-content\/uploads\/2011\/03\/dreieck.jpg\" alt=\"\" title=\"dreieck\" width=\"202\" height=\"250\" class=\"alignnone size-full wp-image-24\"><\/a><\/center><br \/>\n&nbsp;<br \/>\n<strong>Dreieck (Triconasana)<\/strong><br \/>\nDie gestreckten Beine gut 120 cm gr\u00e4tschen, die Arme seitlich ausstrecken. Aus der H\u00fcfte heraus nach rechts beugen, bis der Oberk\u00f6rper ann\u00e4hernd parallel zum Boden ist. Die Handfl\u00e4chen nach vorne drehen, die linke Hand zeigt senkrecht nach oben, die rechten Fingerspitzen zeigen zum oder ber\u00fchren sogar den Boden. Eine Minute halten, auf der anderen Seite wiederholen.<br \/>\n&nbsp;<br \/>\n&nbsp;<br \/>\n<center><a href=\"http:\/\/www.zweitfrau.eu\/yoga\/wp-content\/uploads\/2011\/03\/seitliches_brett.jpg\"><img loading=\"lazy\" src=\"http:\/\/www.zweitfrau.eu\/yoga\/wp-content\/uploads\/2011\/03\/seitliches_brett-300x247.jpg\" alt=\"\" title=\"seitliches_brett\" width=\"300\" height=\"247\" class=\"alignnone size-medium wp-image-25\" srcset=\"http:\/\/www.zweitfrau.eu\/yoga\/wp-content\/uploads\/2011\/03\/seitliches_brett-300x247.jpg 300w, http:\/\/www.zweitfrau.eu\/yoga\/wp-content\/uploads\/2011\/03\/seitliches_brett.jpg 303w\" sizes=\"(max-width: 300px) 100vw, 300px\" \/><\/a><\/center><br \/>\n&nbsp;<br \/>\n<strong>Seitliches Brett (Vasisthasana)<\/strong><br \/>\nAuf den Bauch legen, mit den Armen den Oberk\u00f6rper nach oben schieben (wie bei Liegest\u00fctz-Ausgangsposition). Der K\u00f6rper ber\u00fchrt nur mit den Handfl\u00e4chen und den Zehen den Boden, die Arme sind gestreckt. Von den Schultern bis zu den Fersen ist der K\u00f6rper eine gerade Linie. Nun den linken Arm zur Decke heben und den K\u00f6rper um 90 Grad in eine seitliche Lage drehen, dabei gestreckt halten. Einige Sekunden halten, dann mit dem rechten Arm wiederholen.<br \/>\n&nbsp;<br \/>\n&nbsp;<br \/>\n<center><a href=\"http:\/\/www.zweitfrau.eu\/yoga\/wp-content\/uploads\/2011\/03\/sphinx.jpg\"><img loading=\"lazy\" src=\"http:\/\/www.zweitfrau.eu\/yoga\/wp-content\/uploads\/2011\/03\/sphinx-300x101.jpg\" alt=\"\" title=\"sphinx\" width=\"300\" height=\"101\" class=\"alignnone size-medium wp-image-26\" srcset=\"http:\/\/www.zweitfrau.eu\/yoga\/wp-content\/uploads\/2011\/03\/sphinx-300x101.jpg 300w, http:\/\/www.zweitfrau.eu\/yoga\/wp-content\/uploads\/2011\/03\/sphinx.jpg 400w\" sizes=\"(max-width: 300px) 100vw, 300px\" \/><\/a><\/center><br \/>\n&nbsp;<br \/>\n<strong>Sphinx<\/strong><br \/>\nAuf den Bauch legen, die Ellenbogen sind unter den Schultern, die Unterarme liegen auf dem Boden auf. Die Beine sind gestreckt, die Zehen sind nach hinten gerichtet. Jetzt den Oberk\u00f6rper bis zum Beginn des Rippenbogens vom Boden abheben. Der Blick bleibt dabei nach vorne gerichtet, der Nacken entspannt. Eine Minute halten.<br \/>\n&nbsp;<br \/>\n&nbsp;<br \/>\n<center><a href=\"http:\/\/www.zweitfrau.eu\/yoga\/wp-content\/uploads\/2011\/03\/angewinkeltes_bein.jpg\"><img loading=\"lazy\" src=\"http:\/\/www.zweitfrau.eu\/yoga\/wp-content\/uploads\/2011\/03\/angewinkeltes_bein-300x149.jpg\" alt=\"\" title=\"angewinkeltes_bein\" width=\"300\" height=\"149\" class=\"alignnone size-medium wp-image-27\" srcset=\"http:\/\/www.zweitfrau.eu\/yoga\/wp-content\/uploads\/2011\/03\/angewinkeltes_bein-300x149.jpg 300w, http:\/\/www.zweitfrau.eu\/yoga\/wp-content\/uploads\/2011\/03\/angewinkeltes_bein.jpg 395w\" sizes=\"(max-width: 300px) 100vw, 300px\" \/><\/a><\/center><br \/>\n&nbsp;<br \/>\n<strong>Ein angewinkeltes Bein (Janu Sirsasana)<\/strong><br \/>\nAuf den Boden setzen, das rechte Bein strecken, das linke anwinkeln. Die linke Fu\u00dfsohle an die rechte Oberschenkelinnenseite anlegen. Mit der Stirn zum rechten Knie gehen, die Stirn muss das Knie ber\u00fchren (eventuell das Bein leicht beugen). Gleichzeitig mit den H\u00e4nden die rechte Fu\u00dfsohle greifen. 30 Sekunden halten, mit dem anderen Bein wiederholen.<br \/>\n&nbsp;<br \/>\n&nbsp;<br \/>\n<center><a href=\"http:\/\/www.zweitfrau.eu\/yoga\/wp-content\/uploads\/2011\/03\/drehsitz.jpg\"><img loading=\"lazy\" src=\"http:\/\/www.zweitfrau.eu\/yoga\/wp-content\/uploads\/2011\/03\/drehsitz.jpg\" alt=\"\" title=\"drehsitz\" width=\"270\" height=\"250\" class=\"alignnone size-full wp-image-28\"><\/a><\/center><br \/>\n&nbsp;<br \/>\n<strong>Drehsitz (Marichyasana)<\/strong><br \/>\nRechtes Bein strecken, das linke anwinkeln. Mit der linken Hand hinter dem R\u00fccken abst\u00fctzen, den rechten Ellenbogen vor das linke Knie geben, die Handfl\u00e4che zeigt nach vorne. Den Oberk\u00f6rper aus der H\u00fcfte heraus nach links drehen, im R\u00fccken nicht einknicken. Zum Abschluss \u00fcber die linke Schulter nach hinten blicken. 30 Sekunden halten, auf der anderen Seite wiederholen.<br \/>\n&nbsp;<br \/>\n&nbsp;<\/p><\/blockquote>\n","protected":false},"excerpt":{"rendered":"<p>Diana machte eine Ausbildung zur Yoga Lehrerin und unterrichtet Online. In WOMAN zeigt sie ihre liebsten \u00dcbungen und erkl\u00e4rt, worauf man dabei achten muss. Wir zitieren aus dem Artikel: &nbsp; &nbsp; Stehender Bogen (Dandayamana-Dhanurasana) Das linke Bein anspannen, mit der rechten Hand den rechten Fu\u00df von innen am Kn\u00f6chel greifen (wichtig: Greifen Sie den Kn\u00f6chel [&hellip;]<\/p>\n","protected":false},"author":1,"featured_media":0,"parent":0,"menu_order":3,"comment_status":"open","ping_status":"open","template":"","meta":[],"_links":{"self":[{"href":"http:\/\/www.zweitfrau.eu\/yoga\/wp-json\/wp\/v2\/pages\/20"}],"collection":[{"href":"http:\/\/www.zweitfrau.eu\/yoga\/wp-json\/wp\/v2\/pages"}],"about":[{"href":"http:\/\/www.zweitfrau.eu\/yoga\/wp-json\/wp\/v2\/types\/page"}],"author":[{"embeddable":true,"href":"http:\/\/www.zweitfrau.eu\/yoga\/wp-json\/wp\/v2\/users\/1"}],"replies":[{"embeddable":true,"href":"http:\/\/www.zweitfrau.eu\/yoga\/wp-json\/wp\/v2\/comments?post=20"}],"version-history":[{"count":3,"href":"http:\/\/www.zweitfrau.eu\/yoga\/wp-json\/wp\/v2\/pages\/20\/revisions"}],"predecessor-version":[{"id":40,"href":"http:\/\/www.zweitfrau.eu\/yoga\/wp-json\/wp\/v2\/pages\/20\/revisions\/40"}],"wp:attachment":[{"href":"http:\/\/www.zweitfrau.eu\/yoga\/wp-json\/wp\/v2\/media?parent=20"}],"curies":[{"name":"wp","href":"https:\/\/api.w.org\/{rel}","templated":true}]}}