{"id":29,"date":"2011-03-15T16:55:20","date_gmt":"2011-03-15T16:55:20","guid":{"rendered":"http:\/\/www.zweitfrau.eu\/yoga\/?page_id=29"},"modified":"2018-12-20T15:57:05","modified_gmt":"2018-12-20T14:57:05","slug":"video","status":"publish","type":"page","link":"http:\/\/www.zweitfrau.eu\/yoga\/video\/","title":{"rendered":"Video"},"content":{"rendered":"<p>&nbsp;<\/p>\n<h4 style=\"text-align: center;\"><strong>Videos auf\u00a0<a href=\"http:\/\/www.yogamitdiana.com\/\" target=\"_blank\" rel=\"noreferrer noopener\">Yoga mit Diana<\/a><\/strong><\/h4>\n<p>&nbsp;<\/p>\n<p>Mit Hilfe von Videos kannst Du die Asanas leicht selber \u00fcben. Bei den \u00dcbungen ist es n\u00e4mlich sehr wichtig, diese exakt nach Anleitung zu machen. Die Erkl\u00e4rungen von Diana sind pr\u00e4zise und lehrreich. Schaue genau hin!!<\/p>\n","protected":false},"excerpt":{"rendered":"<p>&nbsp; Videos auf\u00a0Yoga mit Diana &nbsp; Mit Hilfe von Videos kannst Du die Asanas leicht selber \u00fcben. Bei den \u00dcbungen ist es n\u00e4mlich sehr wichtig, diese exakt nach Anleitung zu machen. Die Erkl\u00e4rungen von Diana sind pr\u00e4zise und lehrreich. Schaue genau hin!!<\/p>\n","protected":false},"author":1,"featured_media":0,"parent":0,"menu_order":5,"comment_status":"open","ping_status":"open","template":"","meta":[],"_links":{"self":[{"href":"http:\/\/www.zweitfrau.eu\/yoga\/wp-json\/wp\/v2\/pages\/29"}],"collection":[{"href":"http:\/\/www.zweitfrau.eu\/yoga\/wp-json\/wp\/v2\/pages"}],"about":[{"href":"http:\/\/www.zweitfrau.eu\/yoga\/wp-json\/wp\/v2\/types\/page"}],"author":[{"embeddable":true,"href":"http:\/\/www.zweitfrau.eu\/yoga\/wp-json\/wp\/v2\/users\/1"}],"replies":[{"embeddable":true,"href":"http:\/\/www.zweitfrau.eu\/yoga\/wp-json\/wp\/v2\/comments?post=29"}],"version-history":[{"count":22,"href":"http:\/\/www.zweitfrau.eu\/yoga\/wp-json\/wp\/v2\/pages\/29\/revisions"}],"predecessor-version":[{"id":93,"href":"http:\/\/www.zweitfrau.eu\/yoga\/wp-json\/wp\/v2\/pages\/29\/revisions\/93"}],"wp:attachment":[{"href":"http:\/\/www.zweitfrau.eu\/yoga\/wp-json\/wp\/v2\/media?parent=29"}],"curies":[{"name":"wp","href":"https:\/\/api.w.org\/{rel}","templated":true}]}}