{"id":30,"date":"2011-03-15T16:58:26","date_gmt":"2011-03-15T16:58:26","guid":{"rendered":"http:\/\/www.zweitfrau.eu\/yoga\/?page_id=30"},"modified":"2018-12-20T16:00:19","modified_gmt":"2018-12-20T15:00:19","slug":"impressum","status":"publish","type":"page","link":"http:\/\/www.zweitfrau.eu\/yoga\/impressum\/","title":{"rendered":"Impressum"},"content":{"rendered":"<p>Dies ist eine WordPress-Seite, die von Freunden der Zweitfrau, Wien angelegt wurde, Koordinator F.P. Lu\u00e9ger, Wien, Austria.<\/p>\n<p><strong><a href=\"mailto:fanclub@zweitfrau.eu\">Fanclub<\/a><br \/>\n<a href=\"mailto:webmaster@zweitfrau.eu\">Webmaster<\/a><\/strong><\/p>\n<p><strong>Haftungshinweis<\/strong><\/p>\n<p><span style=\"line-height: 12pt;\">Der Betreiber dieser Homepage haftet nicht f\u00fcr den Inhalt externen Internetseiten und f\u00fcr den Inhalt von externen Internetseiten \u00fcbernommenen Artikeln, zu denen er Hyperlinks auf seiner Homepage eingebunden hat. Der Inhalt der externen Seiten entspricht nach Kenntnis des Betreibers dieser Homepage geltendem Recht. Diese Inhalte sind fremde Inhalte bzw. keine eigenen Inhalte. Von etwaigen Verst\u00f6\u00dfen gegen Rechtsvorschriften durch die externen Seiten ist ihm nichts bekannt. Sollten ohne Wissen des Betreibers auf externen Seiten Rechtsverst\u00f6\u00dfe stattfinden, so distanziert sich der Betreiber hiermit ausdr\u00fccklich von diesen Verst\u00f6\u00dfen. Eine Distanzierung findet auch von den sonstigen rechtm\u00e4\u00dfigen und -widrigen Inhalten der externen Seiten statt, f\u00fcr die lediglich die Betreiber jener Seiten verantwortlich sind und auf die der Betreiber dieser Homepage keinen Einfluss nehmen kann.<\/span><\/p>\n<blockquote><p>\nDatenschutzerkl\u00e4rung<br \/>\nDatenschutz<\/p>\n<p>Wir haben diese Datenschutzerkl\u00e4rung (Fassung 12.06.2018-211063731) verfasst, um Ihnen gem\u00e4\u00df der Vorgaben der Datenschutz-Grundverordnung (EU) 2016\/679 und dem Datenschutzgesetz (DSG) zu erkl\u00e4ren, welche Informationen wir sammeln, wie wir Daten verwenden und welche Entscheidungsm\u00f6glichkeiten Sie als Besucher dieser Webseite haben.<\/p>\n<p>Leider liegt es in der Natur der Sache, dass diese Erkl\u00e4rungen sehr technisch klingen, wir haben uns bei der Erstellung jedoch bem\u00fcht die wichtigsten Dinge so einfach und klar zu beschreiben.<br \/>\nAutomatische Datenspeicherung<\/p>\n<p>Wenn Sie heutzutage Webseiten besuchen, werden gewisse Informationen automatisch erstellt und gespeichert, so auch auf dieser Webseite.<\/p>\n<p>Wenn Sie unsere Webseite so wie jetzt gerade besuchen, speichert unser Webserver (Computer auf dem diese Webseite gespeichert ist) automatisch Daten wie<\/p>\n<p>die Adresse (URL) der aufgerufenen Webseite<br \/>\nBrowser und Browserversion<br \/>\ndas verwendete Betriebssystem<br \/>\ndie Adresse (URL) der zuvor besuchten Seite (Referrer URL)<br \/>\nden Hostname und die IP-Adresse des Ger\u00e4ts von welchem aus zugegriffen wird<br \/>\nDatum und Uhrzeit<\/p>\n<p>in Dateien (Webserver-Logfiles).<\/p>\n<p>In der Regel werden Webserver-Logfiles zwei Wochen gespeichert und danach automatisch gel\u00f6scht. Wir geben diese Daten nicht weiter, k\u00f6nnen jedoch nicht ausschlie\u00dfen, dass diese Daten beim Vorliegen von rechtswidrigem Verhalten eingesehen werden.<br \/>\nDie Rechtsgrundlage besteht nach Artikel 6 Absatz 1 f DSGVO (Rechtm\u00e4\u00dfigkeit der Verarbeitung) darin, dass berechtigtes Interesse daran besteht, den fehlerfreien Betrieb dieser Webseite durch das Erfassen von Webserver-Logfiles zu erm\u00f6glichen.<br \/>\nSpeicherung pers\u00f6nlicher Daten<\/p>\n<p>Pers\u00f6nliche Daten, die Sie uns auf dieser Website elektronisch \u00fcbermitteln, wie zum Beispiel Name, E-Mail-Adresse, Adresse oder andere pers\u00f6nlichen Angaben im Rahmen der \u00dcbermittlung eines Formulars oder Kommentaren im Blog, werden von uns gemeinsam mit dem Zeitpunkt und der IP-Adresse nur zum jeweils angegebenen Zweck verwendet, sicher verwahrt und nicht an Dritte weitergegeben.<\/p>\n<p>Wir nutzen Ihre pers\u00f6nlichen Daten somit nur f\u00fcr die Kommunikation mit jenen Besuchern, die Kontakt ausdr\u00fccklich w\u00fcnschen und f\u00fcr die Abwicklung der auf dieser Webseite angebotenen Dienstleistungen und Produkte. Wir geben Ihre pers\u00f6nlichen Daten ohne Zustimmung nicht weiter, k\u00f6nnen jedoch nicht ausschlie\u00dfen, dass diese Daten beim Vorliegen von rechtswidrigem Verhalten eingesehen werden.<\/p>\n<p>Wenn Sie uns pers\u00f6nliche Daten per E-Mail schicken \u2013 somit abseits dieser Webseite \u2013 k\u00f6nnen wir keine sichere \u00dcbertragung und den Schutz Ihrer Daten garantieren. Wir empfehlen Ihnen, vertrauliche Daten niemals unverschl\u00fcsselt per E-Mail zu \u00fcbermitteln.<\/p>\n<p>Die Rechtsgrundlage besteht nach Artikel 6 Absatz 1 a DSGVO (Rechtm\u00e4\u00dfigkeit der Verarbeitung) darin, dass Sie uns die Einwilligung zur Verarbeitung der von Ihnen eingegebenen Daten geben. Sie k\u00f6nnen diesen Einwilligung jederzeit widerrufen \u2013 eine formlose E-Mail reicht aus, Sie finden unsere Kontaktdaten im Impressum.<br \/>\nRechte laut Datenschutzgrundverordnung<\/p>\n<p>Ihnen stehen laut den Bestimmungen der DSGVO und des \u00f6sterreichischen Datenschutzgesetzes (DSG) grunds\u00e4tzlich die folgende Rechte zu:<\/p>\n<p>Recht auf Berichtung (Artikel 16 DSGVO)<br \/>\nRecht auf L\u00f6schung (\u201eRecht auf Vergessenwerden\u201c) (Artikel 17 DSGVO)<br \/>\nRecht auf Einschr\u00e4nkung der Verarbeitung (Artikel 18 DSGVO)<br \/>\nRecht auf Benachrichtigung \u2013 Mitteilungspflicht im Zusammenhang mit der Berichtigung oder L\u00f6schung personenbezogener Daten oder der Einschr\u00e4nkung der Verarbeitung (Artikel 19 DSGVO)<br \/>\nRecht auf Daten\u00fcbertragbarkeit (Artikel 20 DSGVO)<br \/>\nWiderspruchsrecht (Artikel 21 DSGVO)<br \/>\nRecht, nicht einer ausschlie\u00dflich auf einer automatisierten Verarbeitung \u2014 einschlie\u00dflich Profiling \u2014 beruhenden Entscheidung unterworfen zu werden (Artikel 22 DSGVO)<\/p>\n<p>Wenn Sie glauben, dass die Verarbeitung Ihrer Daten gegen das Datenschutzrecht verst\u00f6\u00dft oder Ihre datenschutzrechtlichen Anspr\u00fcche sonst in einer Weise verletzt worden sind, k\u00f6nnen Sie sich bei der Aufsichtsbeh\u00f6rde beschweren, welche in \u00d6sterreich die Datenschutzbeh\u00f6rde ist, deren Webseite Sie unter https:\/\/www.dsb.gv.at\/ finden.<\/p>\n<p>Quelle: Erstellt mit dem Datenschutz Generator von firmenwebseiten.at in Kooperation mit fashionundstyle.at<\/p><\/blockquote>\n","protected":false},"excerpt":{"rendered":"<p>Dies ist eine WordPress-Seite, die von Freunden der Zweitfrau, Wien angelegt wurde, Koordinator F.P. Lu\u00e9ger, Wien, Austria. Fanclub Webmaster Haftungshinweis Der Betreiber dieser Homepage haftet nicht f\u00fcr den Inhalt externen Internetseiten und f\u00fcr den Inhalt von externen Internetseiten \u00fcbernommenen Artikeln, zu denen er Hyperlinks auf seiner Homepage eingebunden hat. Der Inhalt der externen Seiten entspricht [&hellip;]<\/p>\n","protected":false},"author":1,"featured_media":0,"parent":0,"menu_order":6,"comment_status":"open","ping_status":"open","template":"","meta":[],"_links":{"self":[{"href":"http:\/\/www.zweitfrau.eu\/yoga\/wp-json\/wp\/v2\/pages\/30"}],"collection":[{"href":"http:\/\/www.zweitfrau.eu\/yoga\/wp-json\/wp\/v2\/pages"}],"about":[{"href":"http:\/\/www.zweitfrau.eu\/yoga\/wp-json\/wp\/v2\/types\/page"}],"author":[{"embeddable":true,"href":"http:\/\/www.zweitfrau.eu\/yoga\/wp-json\/wp\/v2\/users\/1"}],"replies":[{"embeddable":true,"href":"http:\/\/www.zweitfrau.eu\/yoga\/wp-json\/wp\/v2\/comments?post=30"}],"version-history":[{"count":2,"href":"http:\/\/www.zweitfrau.eu\/yoga\/wp-json\/wp\/v2\/pages\/30\/revisions"}],"predecessor-version":[{"id":95,"href":"http:\/\/www.zweitfrau.eu\/yoga\/wp-json\/wp\/v2\/pages\/30\/revisions\/95"}],"wp:attachment":[{"href":"http:\/\/www.zweitfrau.eu\/yoga\/wp-json\/wp\/v2\/media?parent=30"}],"curies":[{"name":"wp","href":"https:\/\/api.w.org\/{rel}","templated":true}]}}